{"id":80,"date":"2022-06-19T13:22:35","date_gmt":"2022-06-19T11:22:35","guid":{"rendered":"http:\/\/new.sponsopot.pl\/?page_id=80"},"modified":"2022-08-01T21:47:46","modified_gmt":"2022-08-01T19:47:46","slug":"stowarzyszenie","status":"publish","type":"page","link":"http:\/\/sponsopot.org.pl\/index.php\/stowarzyszenie\/","title":{"rendered":"Stowarzyszenie"},"content":{"rendered":"\t\t<div data-elementor-type=\"wp-page\" data-elementor-id=\"80\" class=\"elementor elementor-80\">\n\t\t\t\t\t\t<section class=\"elementor-section elementor-top-section elementor-element elementor-element-b4ca000 elementor-section-boxed elementor-section-height-default elementor-section-height-default\" data-id=\"b4ca000\" data-element_type=\"section\">\n\t\t\t\t\t\t<div class=\"elementor-container elementor-column-gap-default\">\n\t\t\t\t\t<div class=\"elementor-column elementor-col-100 elementor-top-column elementor-element elementor-element-fb28ac2\" data-id=\"fb28ac2\" data-element_type=\"column\">\n\t\t\t<div class=\"elementor-widget-wrap elementor-element-populated\">\n\t\t\t\t\t\t<div class=\"elementor-element elementor-element-606c965 elementor-widget elementor-widget-text-editor\" data-id=\"606c965\" data-element_type=\"widget\" data-widget_type=\"text-editor.default\">\n\t\t\t\t<div class=\"elementor-widget-container\">\n\t\t\t\t\t\t\t\t\t<p>Stowarzyszenie SPON powsta\u0142o w 1991 roku. Jest niezale\u017cn\u0105 organizacj\u0105 typu non-profit powo\u0142an\u0105 do dzia\u0142ania na rzecz os\u00f3b niepe\u0142nosprawnych \u2013 doros\u0142ych i dzieci. Stowarzyszenie zrzesza ok. 900 cz\u0142onk\u00f3w, w tym r\u00f3wnie\u017c rodzic\u00f3w niepe\u0142nosprawnych dzieci. Stowarzyszenie organizuje kompleksowe wsparcie dla os\u00f3b niepe\u0142nosprawnych u\u0142atwiaj\u0105c im codzienne funkcjonowanie i uczestnictwo w \u017cyciu spo\u0142ecznym i lokalnym. Dzia\u0142alno\u015b\u0107 prowadzona jest w oparciu o pomoc instytucji i os\u00f3b zaanga\u017cowanych na rzecz niepe\u0142nosprawnych.<\/p>\t\t\t\t\t\t\t\t<\/div>\n\t\t\t\t<\/div>\n\t\t\t\t<div class=\"elementor-element elementor-element-5a3f09d elementor-widget elementor-widget-text-editor\" data-id=\"5a3f09d\" data-element_type=\"widget\" data-widget_type=\"text-editor.default\">\n\t\t\t\t<div class=\"elementor-widget-container\">\n\t\t\t\t\t\t\t\t\t<p>Siedziba Stowarzyszenia mie\u015bci si\u0119 na parterze budynku w centrum Sopotu przy ul. Ksi\u0105\u017c\u0105t Pomorskich 16-18. Zalety naszej siedziby to dogodna lokalizacja, \u0142atwy dojazd i brak barier architektonicznych (schod\u00f3w). Do dyspozycji cz\u0142onk\u00f3w pozostaje \u015bwietlica o powierzchni ok. 40 m2 wyposa\u017cona w aneks kuchenny oraz sanitariaty przystosowane do potrzeb os\u00f3b niepe\u0142nosprawnych. Mo\u017cna tutaj obejrze\u0107 telewizj\u0119, napi\u0107 si\u0119 kawy lub herbaty, porozmawia\u0107 z przyjaci\u00f3\u0142mi lub poczyta\u0107 gazet\u0119. Rehabilitacja lecznicza odbywa si\u0119 w dobrze wyposa\u017conych gabinetach.<\/p>\t\t\t\t\t\t\t\t<\/div>\n\t\t\t\t<\/div>\n\t\t\t\t<div class=\"elementor-element elementor-element-21efe52 e-transform elementor-widget elementor-widget-text-editor\" data-id=\"21efe52\" data-element_type=\"widget\" data-settings=\"{&quot;_transform_translateX_effect&quot;:{&quot;unit&quot;:&quot;px&quot;,&quot;size&quot;:0,&quot;sizes&quot;:[]},&quot;_transform_translateX_effect_tablet&quot;:{&quot;unit&quot;:&quot;px&quot;,&quot;size&quot;:&quot;&quot;,&quot;sizes&quot;:[]},&quot;_transform_translateX_effect_mobile&quot;:{&quot;unit&quot;:&quot;px&quot;,&quot;size&quot;:&quot;&quot;,&quot;sizes&quot;:[]},&quot;_transform_translateY_effect&quot;:{&quot;unit&quot;:&quot;px&quot;,&quot;size&quot;:&quot;&quot;,&quot;sizes&quot;:[]},&quot;_transform_translateY_effect_tablet&quot;:{&quot;unit&quot;:&quot;px&quot;,&quot;size&quot;:&quot;&quot;,&quot;sizes&quot;:[]},&quot;_transform_translateY_effect_mobile&quot;:{&quot;unit&quot;:&quot;px&quot;,&quot;size&quot;:&quot;&quot;,&quot;sizes&quot;:[]}}\" data-widget_type=\"text-editor.default\">\n\t\t\t\t<div class=\"elementor-widget-container\">\n\t\t\t\t\t\t\t\t\t<p>Celem dzia\u0142ania Stowarzyszenia jest pe\u0142na integracja os\u00f3b niepe\u0142nosprawnych, a tak\u017ce wzajemna pomoc w zakresie szeroko poj\u0119tej rehabilitacji os\u00f3b niepe\u0142nosprawnych, poprawa warunk\u00f3w materialnych i socjalnych oraz wyr\u00f3wnanie szans i ograniczenie marginalizacji. Stowarzyszenie realizuje swoje cele mi\u0119dzy innymi poprzez:<\/p>\t\t\t\t\t\t\t\t<\/div>\n\t\t\t\t<\/div>\n\t\t\t\t<div class=\"elementor-element elementor-element-622d662 e-transform elementor-widget elementor-widget-text-editor\" data-id=\"622d662\" data-element_type=\"widget\" data-settings=\"{&quot;_transform_translateX_effect&quot;:{&quot;unit&quot;:&quot;px&quot;,&quot;size&quot;:-24,&quot;sizes&quot;:[]},&quot;_transform_translateX_effect_tablet&quot;:{&quot;unit&quot;:&quot;px&quot;,&quot;size&quot;:&quot;&quot;,&quot;sizes&quot;:[]},&quot;_transform_translateX_effect_mobile&quot;:{&quot;unit&quot;:&quot;px&quot;,&quot;size&quot;:&quot;&quot;,&quot;sizes&quot;:[]},&quot;_transform_translateY_effect&quot;:{&quot;unit&quot;:&quot;px&quot;,&quot;size&quot;:&quot;&quot;,&quot;sizes&quot;:[]},&quot;_transform_translateY_effect_tablet&quot;:{&quot;unit&quot;:&quot;px&quot;,&quot;size&quot;:&quot;&quot;,&quot;sizes&quot;:[]},&quot;_transform_translateY_effect_mobile&quot;:{&quot;unit&quot;:&quot;px&quot;,&quot;size&quot;:&quot;&quot;,&quot;sizes&quot;:[]}}\" data-widget_type=\"text-editor.default\">\n\t\t\t\t<div class=\"elementor-widget-container\">\n\t\t\t\t\t\t\t\t\t<ul><li>prowadzenie domu dziennego pobytu os\u00f3b z niepe\u0142nosprawno\u015bciami o charakterze rehabilitacyjno-socjalnym dla os\u00f3b niepe\u0142nosprawnych,<\/li><li>\u015bwiadczenie us\u0142ug rehabilitacji medycznej i spo\u0142ecznej,<\/li><li>prowadzenie Zak\u0142adu Rehabilitacji SPON,<\/li><li>prowadzenie terapii zaj\u0119ciowej dla os\u00f3b niepe\u0142nosprawnych,<\/li><li>wsparcie psychologiczne,<\/li><li>organizowanie wycieczek, imprez integracyjnych i zbi\u00f3rek publicznych.<\/li><\/ul>\t\t\t\t\t\t\t\t<\/div>\n\t\t\t\t<\/div>\n\t\t\t\t\t<\/div>\n\t\t<\/div>\n\t\t\t\t\t<\/div>\n\t\t<\/section>\n\t\t\t\t<\/div>\n\t\t","protected":false},"excerpt":{"rendered":"<p>Stowarzyszenie SPON powsta\u0142o w 1991 roku. Jest niezale\u017cn\u0105 organizacj\u0105 typu non-profit powo\u0142an\u0105 do dzia\u0142ania na rzecz os\u00f3b niepe\u0142nosprawnych \u2013 doros\u0142ych i dzieci. Stowarzyszenie zrzesza ok. 900 cz\u0142onk\u00f3w, w tym r\u00f3wnie\u017c rodzic\u00f3w niepe\u0142nosprawnych dzieci. Stowarzyszenie organizuje kompleksowe wsparcie dla os\u00f3b niepe\u0142nosprawnych u\u0142atwiaj\u0105c im codzienne funkcjonowanie i uczestnictwo w \u017cyciu spo\u0142ecznym i lokalnym. Dzia\u0142alno\u015b\u0107 prowadzona jest w&hellip; <a href=\"http:\/\/sponsopot.org.pl\/index.php\/stowarzyszenie\/\" class=\"more-link\">Czytaj dalej <span class=\"screen-reader-text\">Stowarzyszenie<\/span><\/a><\/p>\n","protected":false},"author":1,"featured_media":0,"parent":0,"menu_order":0,"comment_status":"closed","ping_status":"closed","template":"","meta":{"footnotes":""},"class_list":["post-80","page","type-page","status-publish","hentry"],"_links":{"self":[{"href":"http:\/\/sponsopot.org.pl\/index.php\/wp-json\/wp\/v2\/pages\/80","targetHints":{"allow":["GET"]}}],"collection":[{"href":"http:\/\/sponsopot.org.pl\/index.php\/wp-json\/wp\/v2\/pages"}],"about":[{"href":"http:\/\/sponsopot.org.pl\/index.php\/wp-json\/wp\/v2\/types\/page"}],"author":[{"embeddable":true,"href":"http:\/\/sponsopot.org.pl\/index.php\/wp-json\/wp\/v2\/users\/1"}],"replies":[{"embeddable":true,"href":"http:\/\/sponsopot.org.pl\/index.php\/wp-json\/wp\/v2\/comments?post=80"}],"version-history":[{"count":13,"href":"http:\/\/sponsopot.org.pl\/index.php\/wp-json\/wp\/v2\/pages\/80\/revisions"}],"predecessor-version":[{"id":253,"href":"http:\/\/sponsopot.org.pl\/index.php\/wp-json\/wp\/v2\/pages\/80\/revisions\/253"}],"wp:attachment":[{"href":"http:\/\/sponsopot.org.pl\/index.php\/wp-json\/wp\/v2\/media?parent=80"}],"curies":[{"name":"wp","href":"https:\/\/api.w.org\/{rel}","templated":true}]}}