{"id":57,"date":"2022-06-18T01:17:59","date_gmt":"2022-06-17T23:17:59","guid":{"rendered":"http:\/\/new.sponsopot.pl\/?page_id=57"},"modified":"2022-07-12T21:45:14","modified_gmt":"2022-07-12T19:45:14","slug":"kontakt","status":"publish","type":"page","link":"http:\/\/sponsopot.org.pl\/index.php\/kontakt\/","title":{"rendered":"Kontakt"},"content":{"rendered":"\t\t<div data-elementor-type=\"wp-page\" data-elementor-id=\"57\" class=\"elementor elementor-57\">\n\t\t\t\t\t\t<section class=\"elementor-section elementor-top-section elementor-element elementor-element-94f04d9 elementor-section-boxed elementor-section-height-default elementor-section-height-default\" data-id=\"94f04d9\" data-element_type=\"section\">\n\t\t\t\t\t\t<div class=\"elementor-container elementor-column-gap-default\">\n\t\t\t\t\t<div class=\"elementor-column elementor-col-100 elementor-top-column elementor-element elementor-element-7b4d97a\" data-id=\"7b4d97a\" data-element_type=\"column\">\n\t\t\t<div class=\"elementor-widget-wrap elementor-element-populated\">\n\t\t\t\t\t\t<div class=\"elementor-element elementor-element-1012dfc elementor-widget elementor-widget-image\" data-id=\"1012dfc\" data-element_type=\"widget\" data-widget_type=\"image.default\">\n\t\t\t\t<div class=\"elementor-widget-container\">\n\t\t\t\t\t\t\t\t\t\t\t\t\t\t\t<img fetchpriority=\"high\" decoding=\"async\" width=\"952\" height=\"380\" src=\"http:\/\/sponsopot.org.pl\/wp-content\/uploads\/2022\/06\/SPON-logo-clear-1024x409.png\" class=\"attachment-large size-large wp-image-116\" alt=\"Obrazek przedstawiaj\u0105cy logotyp Stowarzyszenia Pomocy Osobom Niepe\u0142nosprawnym. Sk\u0142ada si\u0119 z liter S P O N. Litera O jest trzymana przez d\u0142onie. Ca\u0142o\u015b\u0107 jest w kolorze niebieskim.\" srcset=\"http:\/\/sponsopot.org.pl\/wp-content\/uploads\/2022\/06\/SPON-logo-clear-1024x409.png 1024w, http:\/\/sponsopot.org.pl\/wp-content\/uploads\/2022\/06\/SPON-logo-clear-300x120.png 300w, http:\/\/sponsopot.org.pl\/wp-content\/uploads\/2022\/06\/SPON-logo-clear-768x307.png 768w, http:\/\/sponsopot.org.pl\/wp-content\/uploads\/2022\/06\/SPON-logo-clear.png 1125w\" sizes=\"(max-width: 952px) 100vw, 952px\" \/>\t\t\t\t\t\t\t\t\t\t\t\t\t\t\t<\/div>\n\t\t\t\t<\/div>\n\t\t\t\t<div class=\"elementor-element elementor-element-95e65ba elementor-widget elementor-widget-text-editor\" data-id=\"95e65ba\" data-element_type=\"widget\" data-widget_type=\"text-editor.default\">\n\t\t\t\t<div class=\"elementor-widget-container\">\n\t\t\t\t\t\t\t\t\t<p><b>Stowarzyszenie Pomocy Osobom Niepe\u0142nosprawnym SPON<br \/><\/b><span style=\"color: var( --e-global-color-text ); font-family: var( --e-global-typography-text-font-family ), Sans-serif; font-weight: var( --e-global-typography-text-font-weight );\">Ksi\u0105\u017c\u0105t Pomorskich 16-18<br \/><\/span><span style=\"color: var( --e-global-color-text ); font-family: var( --e-global-typography-text-font-family ), Sans-serif; font-weight: var( --e-global-typography-text-font-weight );\">81-749\u00a0Sopot<\/span><\/p><p>Numer rejestracji w Krajowym Rejestrze S\u0105dowym: 0000049858<\/p><p>KONTO STATUTOWE:<br \/>BANK PEKAO S.A.\u00a0Oddzia\u0142 w Sopocie<br \/>81 1240 1242 1111 0000 1587 5697<\/p>\t\t\t\t\t\t\t\t<\/div>\n\t\t\t\t<\/div>\n\t\t\t\t<div class=\"elementor-element elementor-element-6308522 elementor-widget elementor-widget-google_maps\" data-id=\"6308522\" data-element_type=\"widget\" data-widget_type=\"google_maps.default\">\n\t\t\t\t<div class=\"elementor-widget-container\">\n\t\t\t\t\t\t\t<div class=\"elementor-custom-embed\">\n\t\t\t<iframe loading=\"lazy\"\n\t\t\t\t\tsrc=\"https:\/\/maps.google.com\/maps?q=SPON%20Sopot&#038;t=m&#038;z=17&#038;output=embed&#038;iwloc=near\"\n\t\t\t\t\ttitle=\"SPON Sopot\"\n\t\t\t\t\taria-label=\"SPON Sopot\"\n\t\t\t><\/iframe>\n\t\t<\/div>\n\t\t\t\t\t\t<\/div>\n\t\t\t\t<\/div>\n\t\t\t\t\t<\/div>\n\t\t<\/div>\n\t\t\t\t\t<\/div>\n\t\t<\/section>\n\t\t\t\t<section class=\"elementor-section elementor-top-section elementor-element elementor-element-01446b9 elementor-section-boxed elementor-section-height-default elementor-section-height-default\" data-id=\"01446b9\" data-element_type=\"section\">\n\t\t\t\t\t\t<div class=\"elementor-container elementor-column-gap-default\">\n\t\t\t\t\t<div class=\"elementor-column elementor-col-100 elementor-top-column elementor-element elementor-element-0f76b36\" data-id=\"0f76b36\" data-element_type=\"column\">\n\t\t\t<div class=\"elementor-widget-wrap elementor-element-populated\">\n\t\t\t\t\t\t<section class=\"elementor-section elementor-inner-section elementor-element elementor-element-6d6c91f elementor-section-boxed elementor-section-height-default elementor-section-height-default\" data-id=\"6d6c91f\" data-element_type=\"section\">\n\t\t\t\t\t\t<div class=\"elementor-container elementor-column-gap-default\">\n\t\t\t\t\t<div class=\"elementor-column elementor-col-50 elementor-inner-column elementor-element elementor-element-8e61f29\" data-id=\"8e61f29\" data-element_type=\"column\">\n\t\t\t<div class=\"elementor-widget-wrap elementor-element-populated\">\n\t\t\t\t\t\t<div class=\"elementor-element elementor-element-fedb868 elementor-widget elementor-widget-text-editor\" data-id=\"fedb868\" data-element_type=\"widget\" data-widget_type=\"text-editor.default\">\n\t\t\t\t<div class=\"elementor-widget-container\">\n\t\t\t\t\t\t\t\t\t<h5><strong>Sekretariat<\/strong><\/h5><p>tel.: 58 551 12 63\u00a0<br \/><span style=\"color: var( --e-global-color-text ); font-family: var( --e-global-typography-text-font-family ), Sans-serif; font-weight: var( --e-global-typography-text-font-weight );\">fax.: 58 551 12 63<br \/><\/span><span style=\"color: var( --e-global-color-text ); font-family: var( --e-global-typography-text-font-family ), Sans-serif; font-weight: var( --e-global-typography-text-font-weight );\">e-mail:\u00a0<\/span><a style=\"background-color: #ffffff; font-family: var( --e-global-typography-text-font-family ), Sans-serif; font-weight: var( --e-global-typography-text-font-weight );\" href=\"mailto:spon.sopot@wp.pl\">spon.sopot@wp.pl<\/a><\/p>\t\t\t\t\t\t\t\t<\/div>\n\t\t\t\t<\/div>\n\t\t\t\t<div class=\"elementor-element elementor-element-248e839 elementor-widget elementor-widget-text-editor\" data-id=\"248e839\" data-element_type=\"widget\" data-widget_type=\"text-editor.default\">\n\t\t\t\t<div class=\"elementor-widget-container\">\n\t\t\t\t\t\t\t\t\t<h5>Godziny otwarcia<\/h5><p>Poniedzia\u0142ek: 10:00 &#8211; 14:00<br \/>Wtorek: 10:00 &#8211; 14:00<br \/>\u015aroda: 10:00 &#8211; 14:00<br \/>Czwartek: 10:00 &#8211; 14:00<br \/>Pi\u0105tek: 10:00 &#8211; 14:00<\/p>\t\t\t\t\t\t\t\t<\/div>\n\t\t\t\t<\/div>\n\t\t\t\t\t<\/div>\n\t\t<\/div>\n\t\t\t\t<div class=\"elementor-column elementor-col-50 elementor-inner-column elementor-element elementor-element-4748494\" data-id=\"4748494\" data-element_type=\"column\">\n\t\t\t<div class=\"elementor-widget-wrap elementor-element-populated\">\n\t\t\t\t\t\t<div class=\"elementor-element elementor-element-32a8516 elementor-widget elementor-widget-text-editor\" data-id=\"32a8516\" data-element_type=\"widget\" data-widget_type=\"text-editor.default\">\n\t\t\t\t<div class=\"elementor-widget-container\">\n\t\t\t\t\t\t\t\t\t<h5><strong>Zak\u0142ad Rehabilitacji SPON<\/strong><\/h5><p>tel. 58\u00a0551 58 66<br \/>e-mail:\u00a0<a href=\"mailto:spon.sopot.rm@wp.pl\">spon.sopot.rm@wp.pl<\/a><\/p>\t\t\t\t\t\t\t\t<\/div>\n\t\t\t\t<\/div>\n\t\t\t\t<div class=\"elementor-element elementor-element-7ad7af4 elementor-widget elementor-widget-text-editor\" data-id=\"7ad7af4\" data-element_type=\"widget\" data-widget_type=\"text-editor.default\">\n\t\t\t\t<div class=\"elementor-widget-container\">\n\t\t\t\t\t\t\t\t\t<h5>Godziny otwarcia<\/h5><p>Poniedzia\u0142ek: 12:00 &#8211; 18:00<br \/>Wtorek: 12:00 &#8211; 18:00<br \/>\u015aroda: 9:00 &#8211; 14:00<br \/>Czwartek: 12:00 &#8211; 18:00<br \/>Pi\u0105tek: 9:00 &#8211; 14:00<\/p>\t\t\t\t\t\t\t\t<\/div>\n\t\t\t\t<\/div>\n\t\t\t\t\t<\/div>\n\t\t<\/div>\n\t\t\t\t\t<\/div>\n\t\t<\/section>\n\t\t\t\t<div class=\"elementor-element elementor-element-1f0ce39 elementor-widget elementor-widget-heading\" data-id=\"1f0ce39\" data-element_type=\"widget\" data-widget_type=\"heading.default\">\n\t\t\t\t<div class=\"elementor-widget-container\">\n\t\t\t\t\t<h5 class=\"elementor-heading-title elementor-size-default\">Formularz kontaktowy<\/h5>\t\t\t\t<\/div>\n\t\t\t\t<\/div>\n\t\t\t\t<div class=\"elementor-element elementor-element-5623fe1 elementor-widget elementor-widget-text-editor\" data-id=\"5623fe1\" data-element_type=\"widget\" data-widget_type=\"text-editor.default\">\n\t\t\t\t<div class=\"elementor-widget-container\">\n\t\t\t\t\t\t\t\t\t<p>Aby um\u00f3wi\u0107 si\u0119 na rozmow\u0119 audiowizualn\u0105 lub z t\u0142umaczem j\u0119zyka migowego prosimy o wype\u0142nienie formularza znajduj\u0105cego si\u0119 poni\u017cej, opisuj\u0105\u0107 swoj\u0105 pro\u015bb\u0119.<\/p><p>Nasz pracownik odpowie najszybciej jak b\u0119dzie to mo\u017cliwe.<\/p>\t\t\t\t\t\t\t\t<\/div>\n\t\t\t\t<\/div>\n\t\t\t\t<div class=\"elementor-element elementor-element-10cf083 elementor-widget elementor-widget-shortcode\" data-id=\"10cf083\" data-element_type=\"widget\" data-widget_type=\"shortcode.default\">\n\t\t\t\t<div class=\"elementor-widget-container\">\n\t\t\t\t\t\t\t<div class=\"elementor-shortcode\">\n<div class=\"wpcf7 no-js\" id=\"wpcf7-f186-o1\" lang=\"pl-PL\" dir=\"ltr\" data-wpcf7-id=\"186\">\n<div class=\"screen-reader-response\"><p role=\"status\" aria-live=\"polite\" aria-atomic=\"true\"><\/p> <ul><\/ul><\/div>\n<form action=\"\/index.php\/wp-json\/wp\/v2\/pages\/57#wpcf7-f186-o1\" method=\"post\" class=\"wpcf7-form init\" aria-label=\"Formularz kontaktowy\" novalidate=\"novalidate\" data-status=\"init\">\n<fieldset class=\"hidden-fields-container\"><input type=\"hidden\" name=\"_wpcf7\" value=\"186\" \/><input type=\"hidden\" name=\"_wpcf7_version\" value=\"6.1\" \/><input type=\"hidden\" name=\"_wpcf7_locale\" value=\"pl_PL\" \/><input type=\"hidden\" name=\"_wpcf7_unit_tag\" value=\"wpcf7-f186-o1\" \/><input type=\"hidden\" name=\"_wpcf7_container_post\" value=\"0\" \/><input type=\"hidden\" name=\"_wpcf7_posted_data_hash\" value=\"\" \/>\n<\/fieldset>\n<p><label> Twoje imi\u0119 i nazwisko<br \/>\n<span class=\"wpcf7-form-control-wrap\" data-name=\"your-name\"><input size=\"40\" maxlength=\"400\" class=\"wpcf7-form-control wpcf7-text wpcf7-validates-as-required\" aria-required=\"true\" aria-invalid=\"false\" value=\"\" type=\"text\" name=\"your-name\" \/><\/span> <\/label>\n<\/p>\n<p><label> Tw\u00f3j adres e-mail<br \/>\n<span class=\"wpcf7-form-control-wrap\" data-name=\"your-email\"><input size=\"40\" maxlength=\"400\" class=\"wpcf7-form-control wpcf7-email wpcf7-validates-as-required wpcf7-text wpcf7-validates-as-email\" aria-required=\"true\" aria-invalid=\"false\" value=\"\" type=\"email\" name=\"your-email\" \/><\/span> <\/label>\n<\/p>\n<p><label> Tw\u00f3j numer telefonu<br \/>\n<span class=\"wpcf7-form-control-wrap\" data-name=\"tel-926\"><input size=\"40\" maxlength=\"400\" class=\"wpcf7-form-control wpcf7-tel wpcf7-text wpcf7-validates-as-tel\" aria-invalid=\"false\" value=\"\" type=\"tel\" name=\"tel-926\" \/><\/span> <\/label>\n<\/p>\n<p><label> Temat<br \/>\n<span class=\"wpcf7-form-control-wrap\" data-name=\"your-subject\"><input size=\"40\" maxlength=\"400\" class=\"wpcf7-form-control wpcf7-text wpcf7-validates-as-required\" aria-required=\"true\" aria-invalid=\"false\" value=\"\" type=\"text\" name=\"your-subject\" \/><\/span> <\/label>\n<\/p>\n<p><label> Twoja wiadomo\u015b\u0107<br \/>\n<span class=\"wpcf7-form-control-wrap\" data-name=\"your-message\"><textarea cols=\"40\" rows=\"10\" maxlength=\"2000\" class=\"wpcf7-form-control wpcf7-textarea\" aria-invalid=\"false\" name=\"your-message\"><\/textarea><\/span> <\/label>\n<\/p>\n<p><input class=\"wpcf7-form-control wpcf7-submit has-spinner\" type=\"submit\" value=\"Wy\u015blij\" \/>\n<\/p><div class=\"wpcf7-response-output\" aria-hidden=\"true\"><\/div>\n<\/form>\n<\/div>\n<\/div>\n\t\t\t\t\t\t<\/div>\n\t\t\t\t<\/div>\n\t\t\t\t\t<\/div>\n\t\t<\/div>\n\t\t\t\t\t<\/div>\n\t\t<\/section>\n\t\t\t\t<\/div>\n\t\t","protected":false},"excerpt":{"rendered":"<p>Stowarzyszenie Pomocy Osobom Niepe\u0142nosprawnym SPONKsi\u0105\u017c\u0105t Pomorskich 16-1881-749\u00a0Sopot Numer rejestracji w Krajowym Rejestrze S\u0105dowym: 0000049858 KONTO STATUTOWE:BANK PEKAO S.A.\u00a0Oddzia\u0142 w Sopocie81 1240 1242 1111 0000 1587 5697 Sekretariat tel.: 58 551 12 63\u00a0fax.: 58 551 12 63e-mail:\u00a0spon.sopot@wp.pl Godziny otwarcia Poniedzia\u0142ek: 10:00 &#8211; 14:00Wtorek: 10:00 &#8211; 14:00\u015aroda: 10:00 &#8211; 14:00Czwartek: 10:00 &#8211; 14:00Pi\u0105tek: 10:00 &#8211; 14:00 Zak\u0142ad&hellip; <a href=\"http:\/\/sponsopot.org.pl\/index.php\/kontakt\/\" class=\"more-link\">Czytaj dalej <span class=\"screen-reader-text\">Kontakt<\/span><\/a><\/p>\n","protected":false},"author":1,"featured_media":0,"parent":0,"menu_order":0,"comment_status":"closed","ping_status":"closed","template":"","meta":{"footnotes":""},"class_list":["post-57","page","type-page","status-publish","hentry"],"_links":{"self":[{"href":"http:\/\/sponsopot.org.pl\/index.php\/wp-json\/wp\/v2\/pages\/57","targetHints":{"allow":["GET"]}}],"collection":[{"href":"http:\/\/sponsopot.org.pl\/index.php\/wp-json\/wp\/v2\/pages"}],"about":[{"href":"http:\/\/sponsopot.org.pl\/index.php\/wp-json\/wp\/v2\/types\/page"}],"author":[{"embeddable":true,"href":"http:\/\/sponsopot.org.pl\/index.php\/wp-json\/wp\/v2\/users\/1"}],"replies":[{"embeddable":true,"href":"http:\/\/sponsopot.org.pl\/index.php\/wp-json\/wp\/v2\/comments?post=57"}],"version-history":[{"count":40,"href":"http:\/\/sponsopot.org.pl\/index.php\/wp-json\/wp\/v2\/pages\/57\/revisions"}],"predecessor-version":[{"id":240,"href":"http:\/\/sponsopot.org.pl\/index.php\/wp-json\/wp\/v2\/pages\/57\/revisions\/240"}],"wp:attachment":[{"href":"http:\/\/sponsopot.org.pl\/index.php\/wp-json\/wp\/v2\/media?parent=57"}],"curies":[{"name":"wp","href":"https:\/\/api.w.org\/{rel}","templated":true}]}}