{"id":279,"date":"2022-10-28T13:38:35","date_gmt":"2022-10-28T11:38:35","guid":{"rendered":"http:\/\/sponsopot.pl\/?page_id=279"},"modified":"2022-10-28T13:44:27","modified_gmt":"2022-10-28T11:44:27","slug":"co-robimy","status":"publish","type":"page","link":"http:\/\/sponsopot.org.pl\/index.php\/co-robimy\/","title":{"rendered":"Co robimy"},"content":{"rendered":"\t\t<div data-elementor-type=\"wp-page\" data-elementor-id=\"279\" class=\"elementor elementor-279\">\n\t\t\t\t\t\t<section class=\"elementor-section elementor-top-section elementor-element elementor-element-d910da8 elementor-section-boxed elementor-section-height-default elementor-section-height-default\" data-id=\"d910da8\" data-element_type=\"section\">\n\t\t\t\t\t\t<div class=\"elementor-container elementor-column-gap-default\">\n\t\t\t\t\t<div class=\"elementor-column elementor-col-100 elementor-top-column elementor-element elementor-element-3b16e05\" data-id=\"3b16e05\" data-element_type=\"column\">\n\t\t\t<div class=\"elementor-widget-wrap elementor-element-populated\">\n\t\t\t\t\t\t<div class=\"elementor-element elementor-element-73663a9 elementor-widget elementor-widget-heading\" data-id=\"73663a9\" data-element_type=\"widget\" data-widget_type=\"heading.default\">\n\t\t\t\t<div class=\"elementor-widget-container\">\n\t\t\t\t\t<h3 class=\"elementor-heading-title elementor-size-default\">Wsparcie psychologiczne<\/h3>\t\t\t\t<\/div>\n\t\t\t\t<\/div>\n\t\t\t\t<div class=\"elementor-element elementor-element-02730e1 elementor-widget elementor-widget-text-editor\" data-id=\"02730e1\" data-element_type=\"widget\" data-widget_type=\"text-editor.default\">\n\t\t\t\t<div class=\"elementor-widget-container\">\n\t\t\t\t\t\t\t\t\t<p class=\"MsoNormal\" style=\"mso-margin-top-alt:auto;mso-margin-bottom-alt:auto;\nline-height:normal\"><span style=\"font-size:14.0pt;mso-fareast-font-family:&quot;Times New Roman&quot;;\nmso-bidi-font-family:Calibri;mso-bidi-theme-font:minor-latin;mso-fareast-language:\nPL;mso-bidi-font-weight:bold\">Warsztaty prowadzone przez psychologa odbywaj\u0105\nsi\u0119 w soboty. Realizowane s\u0105 r\u00f3wnie\u017c porady indywidualne.<o:p><\/o:p><\/span><\/p>\t\t\t\t\t\t\t\t<\/div>\n\t\t\t\t<\/div>\n\t\t\t\t\t<\/div>\n\t\t<\/div>\n\t\t\t\t\t<\/div>\n\t\t<\/section>\n\t\t\t\t<section class=\"elementor-section elementor-top-section elementor-element elementor-element-b0cc143 elementor-section-boxed elementor-section-height-default elementor-section-height-default\" data-id=\"b0cc143\" data-element_type=\"section\">\n\t\t\t\t\t\t<div class=\"elementor-container elementor-column-gap-default\">\n\t\t\t\t\t<div class=\"elementor-column elementor-col-100 elementor-top-column elementor-element elementor-element-7b4e642\" data-id=\"7b4e642\" data-element_type=\"column\">\n\t\t\t<div class=\"elementor-widget-wrap elementor-element-populated\">\n\t\t\t\t\t\t<div class=\"elementor-element elementor-element-6ec67a4 elementor-widget elementor-widget-heading\" data-id=\"6ec67a4\" data-element_type=\"widget\" data-widget_type=\"heading.default\">\n\t\t\t\t<div class=\"elementor-widget-container\">\n\t\t\t\t\t<h3 class=\"elementor-heading-title elementor-size-default\">Terapia zaj\u0119ciowa<\/h3>\t\t\t\t<\/div>\n\t\t\t\t<\/div>\n\t\t\t\t<div class=\"elementor-element elementor-element-0dee4eb elementor-widget elementor-widget-text-editor\" data-id=\"0dee4eb\" data-element_type=\"widget\" data-widget_type=\"text-editor.default\">\n\t\t\t\t<div class=\"elementor-widget-container\">\n\t\t\t\t\t\t\t\t\t<p class=\"MsoNormal\" style=\"mso-margin-top-alt: auto; mso-margin-bottom-alt: auto; line-height: normal;\"><span style=\"font-size: 14.0pt; mso-fareast-font-family: 'Times New Roman'; mso-bidi-font-family: Calibri; mso-bidi-theme-font: minor-latin; mso-fareast-language: PL; mso-bidi-font-weight: bold;\">Od blisko 30 lat w Stowarzyszeniu SPON prowadzona jest terapia zaj\u0119ciowa dla os\u00f3b z niepe\u0142nosprawno\u015bciami. Zaj\u0119cia odbywaj\u0105 si\u0119 dwa razy tygodniu \u2013 we wtorki i czwartki.<\/span><\/p>\t\t\t\t\t\t\t\t<\/div>\n\t\t\t\t<\/div>\n\t\t\t\t<div class=\"elementor-element elementor-element-802b5e5 elementor-widget elementor-widget-text-editor\" data-id=\"802b5e5\" data-element_type=\"widget\" data-widget_type=\"text-editor.default\">\n\t\t\t\t<div class=\"elementor-widget-container\">\n\t\t\t\t\t\t\t\t\t<p><span style=\"font-size: 18.6667px;\">Opr\u00f3cz ewidentnych korzy\u015bci osobistych (rozw\u00f3j umiej\u0119tno\u015bci i talent\u00f3w, satysfakcja, poczucie w\u0142asnej warto\u015bci), celem terapii jest r\u00f3wnie\u017c zapobieganie izolacji poprzez nabywanie nowych kompetencji oraz zwi\u0119kszenie motywacji do dalszych wyzwa\u0144 i dzia\u0142a\u0144.&nbsp;<\/span><br><\/p>\t\t\t\t\t\t\t\t<\/div>\n\t\t\t\t<\/div>\n\t\t\t\t\t<\/div>\n\t\t<\/div>\n\t\t\t\t\t<\/div>\n\t\t<\/section>\n\t\t\t\t<section class=\"elementor-section elementor-top-section elementor-element elementor-element-299367d elementor-section-boxed elementor-section-height-default elementor-section-height-default\" data-id=\"299367d\" data-element_type=\"section\">\n\t\t\t\t\t\t<div class=\"elementor-container elementor-column-gap-default\">\n\t\t\t\t\t<div class=\"elementor-column elementor-col-100 elementor-top-column elementor-element elementor-element-422a0f7\" data-id=\"422a0f7\" data-element_type=\"column\">\n\t\t\t<div class=\"elementor-widget-wrap elementor-element-populated\">\n\t\t\t\t\t\t<div class=\"elementor-element elementor-element-e60f450 elementor-widget elementor-widget-heading\" data-id=\"e60f450\" data-element_type=\"widget\" data-widget_type=\"heading.default\">\n\t\t\t\t<div class=\"elementor-widget-container\">\n\t\t\t\t\t<h3 class=\"elementor-heading-title elementor-size-default\">Poprawa sprawno\u015bci fizycznej i rehabilitacja<\/h3>\t\t\t\t<\/div>\n\t\t\t\t<\/div>\n\t\t\t\t<div class=\"elementor-element elementor-element-5c11af6 elementor-widget elementor-widget-text-editor\" data-id=\"5c11af6\" data-element_type=\"widget\" data-widget_type=\"text-editor.default\">\n\t\t\t\t<div class=\"elementor-widget-container\">\n\t\t\t\t\t\t\t\t\t<p class=\"MsoNormal\" style=\"mso-margin-top-alt:auto;mso-margin-bottom-alt:auto;\nline-height:normal\"><span style=\"font-size:14.0pt;mso-fareast-font-family:&quot;Times New Roman&quot;;\nmso-bidi-font-family:Calibri;mso-bidi-theme-font:minor-latin;mso-fareast-language:\nPL\">W ramach realizowanych zada\u0144 organizowane s\u0105 marsze Nordic Walking,\ngimnastyka dla senior\u00f3w (na krzes\u0142ach) oraz zaj\u0119cia usprawniaj\u0105ce na basenie. Aktualnie\nzaj\u0119cia odbywaj\u0105 w sopockim Parku Wodnym.<o:p><\/o:p><\/span><\/p>\t\t\t\t\t\t\t\t<\/div>\n\t\t\t\t<\/div>\n\t\t\t\t<div class=\"elementor-element elementor-element-223a5e9 elementor-widget elementor-widget-text-editor\" data-id=\"223a5e9\" data-element_type=\"widget\" data-widget_type=\"text-editor.default\">\n\t\t\t\t<div class=\"elementor-widget-container\">\n\t\t\t\t\t\t\t\t\t<p class=\"MsoNormal\" style=\"mso-margin-top-alt: auto; mso-margin-bottom-alt: auto; line-height: normal;\"><span style=\"font-size: 14.0pt; mso-fareast-font-family: 'Times New Roman'; mso-bidi-font-family: Calibri; mso-bidi-theme-font: minor-latin; mso-fareast-language: PL;\">Dla mieszka\u0144c\u00f3w Gdyni organizujemy porady lekarza rehabilitacji medycznej i fizjoterapi\u0119.<\/span><\/p>\t\t\t\t\t\t\t\t<\/div>\n\t\t\t\t<\/div>\n\t\t\t\t\t<\/div>\n\t\t<\/div>\n\t\t\t\t\t<\/div>\n\t\t<\/section>\n\t\t\t\t<section class=\"elementor-section elementor-top-section elementor-element elementor-element-cb9968a elementor-section-boxed elementor-section-height-default elementor-section-height-default\" data-id=\"cb9968a\" data-element_type=\"section\">\n\t\t\t\t\t\t<div class=\"elementor-container elementor-column-gap-default\">\n\t\t\t\t\t<div class=\"elementor-column elementor-col-100 elementor-top-column elementor-element elementor-element-bb06b91\" data-id=\"bb06b91\" data-element_type=\"column\">\n\t\t\t<div class=\"elementor-widget-wrap elementor-element-populated\">\n\t\t\t\t\t\t<div class=\"elementor-element elementor-element-1e8ba86 elementor-widget elementor-widget-heading\" data-id=\"1e8ba86\" data-element_type=\"widget\" data-widget_type=\"heading.default\">\n\t\t\t\t<div class=\"elementor-widget-container\">\n\t\t\t\t\t<h3 class=\"elementor-heading-title elementor-size-default\">Terapia ta\u0144cem<\/h3>\t\t\t\t<\/div>\n\t\t\t\t<\/div>\n\t\t\t\t<div class=\"elementor-element elementor-element-69483c2 elementor-widget elementor-widget-text-editor\" data-id=\"69483c2\" data-element_type=\"widget\" data-widget_type=\"text-editor.default\">\n\t\t\t\t<div class=\"elementor-widget-container\">\n\t\t\t\t\t\t\t\t\t<p class=\"MsoNormal\" style=\"mso-margin-top-alt: auto; mso-margin-bottom-alt: auto; line-height: normal;\"><span style=\"font-size: 14.0pt; mso-fareast-font-family: 'Times New Roman'; mso-bidi-font-family: Calibri; mso-bidi-theme-font: minor-latin; mso-fareast-language: PL;\">Raz w tygodni oferujemy zaj\u0119cia terapii ta\u0144cem po\u0142\u0105czone z gimnastyk\u0105 umys\u0142u, prowadzone przez psychologa.<\/span><\/p>\t\t\t\t\t\t\t\t<\/div>\n\t\t\t\t<\/div>\n\t\t\t\t\t<\/div>\n\t\t<\/div>\n\t\t\t\t\t<\/div>\n\t\t<\/section>\n\t\t\t\t<section class=\"elementor-section elementor-top-section elementor-element elementor-element-90c79e8 elementor-section-boxed elementor-section-height-default elementor-section-height-default\" data-id=\"90c79e8\" data-element_type=\"section\">\n\t\t\t\t\t\t<div class=\"elementor-container elementor-column-gap-default\">\n\t\t\t\t\t<div class=\"elementor-column elementor-col-100 elementor-top-column elementor-element elementor-element-f72070f\" data-id=\"f72070f\" data-element_type=\"column\">\n\t\t\t<div class=\"elementor-widget-wrap elementor-element-populated\">\n\t\t\t\t\t\t<div class=\"elementor-element elementor-element-16dd7d6 elementor-widget elementor-widget-heading\" data-id=\"16dd7d6\" data-element_type=\"widget\" data-widget_type=\"heading.default\">\n\t\t\t\t<div class=\"elementor-widget-container\">\n\t\t\t\t\t<h3 class=\"elementor-heading-title elementor-size-default\">Wyjazdy<\/h3>\t\t\t\t<\/div>\n\t\t\t\t<\/div>\n\t\t\t\t<div class=\"elementor-element elementor-element-65ec538 elementor-widget elementor-widget-text-editor\" data-id=\"65ec538\" data-element_type=\"widget\" data-widget_type=\"text-editor.default\">\n\t\t\t\t<div class=\"elementor-widget-container\">\n\t\t\t\t\t\t\t\t\t<p class=\"MsoNormal\" style=\"mso-margin-top-alt: auto; mso-margin-bottom-alt: auto; line-height: normal;\"><span style=\"font-size: 14.0pt; mso-fareast-font-family: 'Times New Roman'; mso-bidi-font-family: Calibri; mso-bidi-theme-font: minor-latin; mso-fareast-language: PL;\">SPON organizuje kilka wyjazd\u00f3w wypoczynkowo-rehabilitacyjnych rocznie. S\u0105 to wyjazdy tygodniowe lub ca\u0142odzienne.<\/span><\/p>\t\t\t\t\t\t\t\t<\/div>\n\t\t\t\t<\/div>\n\t\t\t\t\t<\/div>\n\t\t<\/div>\n\t\t\t\t\t<\/div>\n\t\t<\/section>\n\t\t\t\t<section class=\"elementor-section elementor-top-section elementor-element elementor-element-9971a66 elementor-section-boxed elementor-section-height-default elementor-section-height-default\" data-id=\"9971a66\" data-element_type=\"section\">\n\t\t\t\t\t\t<div class=\"elementor-container elementor-column-gap-default\">\n\t\t\t\t\t<div class=\"elementor-column elementor-col-100 elementor-top-column elementor-element elementor-element-caef8db\" data-id=\"caef8db\" data-element_type=\"column\">\n\t\t\t<div class=\"elementor-widget-wrap elementor-element-populated\">\n\t\t\t\t\t\t<div class=\"elementor-element elementor-element-82cfc30 elementor-widget elementor-widget-heading\" data-id=\"82cfc30\" data-element_type=\"widget\" data-widget_type=\"heading.default\">\n\t\t\t\t<div class=\"elementor-widget-container\">\n\t\t\t\t\t<h3 class=\"elementor-heading-title elementor-size-default\">Spotkania integracyjne<\/h3>\t\t\t\t<\/div>\n\t\t\t\t<\/div>\n\t\t\t\t<div class=\"elementor-element elementor-element-c8f3dcc elementor-widget elementor-widget-text-editor\" data-id=\"c8f3dcc\" data-element_type=\"widget\" data-widget_type=\"text-editor.default\">\n\t\t\t\t<div class=\"elementor-widget-container\">\n\t\t\t\t\t\t\t\t\t<p class=\"MsoNormal\" style=\"mso-margin-top-alt: auto; mso-margin-bottom-alt: auto; line-height: normal;\"><span style=\"font-size: 14.0pt; mso-fareast-font-family: 'Times New Roman'; mso-bidi-font-family: Calibri; mso-bidi-theme-font: minor-latin; mso-fareast-language: PL;\">W SPON odbywaj\u0105 si\u0119 comiesi\u0119czne spotkania integracyjne (druga sobota miesi\u0105ca) oraz spotkania \u015bwi\u0105teczne z okazji Bo\u017cego Narodzenia i Wielkanocy.<\/span><\/p>\t\t\t\t\t\t\t\t<\/div>\n\t\t\t\t<\/div>\n\t\t\t\t\t<\/div>\n\t\t<\/div>\n\t\t\t\t\t<\/div>\n\t\t<\/section>\n\t\t\t\t<section class=\"elementor-section elementor-top-section elementor-element elementor-element-b999de8 elementor-section-boxed elementor-section-height-default elementor-section-height-default\" data-id=\"b999de8\" data-element_type=\"section\">\n\t\t\t\t\t\t<div class=\"elementor-container elementor-column-gap-default\">\n\t\t\t\t\t<div class=\"elementor-column elementor-col-100 elementor-top-column elementor-element elementor-element-7044ac1\" data-id=\"7044ac1\" data-element_type=\"column\">\n\t\t\t<div class=\"elementor-widget-wrap elementor-element-populated\">\n\t\t\t\t\t\t<div class=\"elementor-element elementor-element-954c9e4 elementor-widget elementor-widget-heading\" data-id=\"954c9e4\" data-element_type=\"widget\" data-widget_type=\"heading.default\">\n\t\t\t\t<div class=\"elementor-widget-container\">\n\t\t\t\t\t<h3 class=\"elementor-heading-title elementor-size-default\">Hipoterapia<\/h3>\t\t\t\t<\/div>\n\t\t\t\t<\/div>\n\t\t\t\t<div class=\"elementor-element elementor-element-13b1817 elementor-widget elementor-widget-text-editor\" data-id=\"13b1817\" data-element_type=\"widget\" data-widget_type=\"text-editor.default\">\n\t\t\t\t<div class=\"elementor-widget-container\">\n\t\t\t\t\t\t\t\t\t<p class=\"MsoNormal\" style=\"mso-margin-top-alt: auto; mso-margin-bottom-alt: auto; line-height: normal;\"><span style=\"font-size: 14.0pt; mso-fareast-font-family: 'Times New Roman'; mso-bidi-font-family: Calibri; mso-bidi-theme-font: minor-latin; mso-fareast-language: PL;\">Hipoterapia dla dzieci i m\u0142odych ludzi z niepe\u0142nosprawno\u015bci\u0105 odbywa si\u0119 od marca do listopada na sopockim Hipodromie.\u00a0<\/span><\/p>\t\t\t\t\t\t\t\t<\/div>\n\t\t\t\t<\/div>\n\t\t\t\t\t<\/div>\n\t\t<\/div>\n\t\t\t\t\t<\/div>\n\t\t<\/section>\n\t\t\t\t<section class=\"elementor-section elementor-top-section elementor-element elementor-element-7d78ece elementor-section-boxed elementor-section-height-default elementor-section-height-default\" data-id=\"7d78ece\" data-element_type=\"section\">\n\t\t\t\t\t\t<div class=\"elementor-container elementor-column-gap-default\">\n\t\t\t\t\t<div class=\"elementor-column elementor-col-100 elementor-top-column elementor-element elementor-element-4081ab7\" data-id=\"4081ab7\" data-element_type=\"column\">\n\t\t\t<div class=\"elementor-widget-wrap elementor-element-populated\">\n\t\t\t\t\t\t<div class=\"elementor-element elementor-element-2bfd8ba elementor-widget-divider--view-line elementor-widget elementor-widget-divider\" data-id=\"2bfd8ba\" data-element_type=\"widget\" data-widget_type=\"divider.default\">\n\t\t\t\t<div class=\"elementor-widget-container\">\n\t\t\t\t\t\t\t<div class=\"elementor-divider\">\n\t\t\t<span class=\"elementor-divider-separator\">\n\t\t\t\t\t\t<\/span>\n\t\t<\/div>\n\t\t\t\t\t\t<\/div>\n\t\t\t\t<\/div>\n\t\t\t\t\t<\/div>\n\t\t<\/div>\n\t\t\t\t\t<\/div>\n\t\t<\/section>\n\t\t\t\t<section class=\"elementor-section elementor-top-section elementor-element elementor-element-6519807 elementor-section-boxed elementor-section-height-default elementor-section-height-default\" data-id=\"6519807\" data-element_type=\"section\">\n\t\t\t\t\t\t<div class=\"elementor-container elementor-column-gap-default\">\n\t\t\t\t\t<div class=\"elementor-column elementor-col-100 elementor-top-column elementor-element elementor-element-7a9b056\" data-id=\"7a9b056\" data-element_type=\"column\">\n\t\t\t<div class=\"elementor-widget-wrap elementor-element-populated\">\n\t\t\t\t\t\t<div class=\"elementor-element elementor-element-22681f8 elementor-widget elementor-widget-text-editor\" data-id=\"22681f8\" data-element_type=\"widget\" data-widget_type=\"text-editor.default\">\n\t\t\t\t<div class=\"elementor-widget-container\">\n\t\t\t\t\t\t\t\t\t<p class=\"MsoNormal\" style=\"mso-margin-top-alt: auto; mso-margin-bottom-alt: auto; line-height: normal;\"><b><span style=\"font-size: 14.0pt; mso-fareast-font-family: 'Times New Roman'; mso-bidi-font-family: Calibri; mso-bidi-theme-font: minor-latin; mso-fareast-language: PL;\">Wi\u0119cej informacji pod numerem 58\u00a0551 12 63<\/span><\/b><\/p>\t\t\t\t\t\t\t\t<\/div>\n\t\t\t\t<\/div>\n\t\t\t\t\t<\/div>\n\t\t<\/div>\n\t\t\t\t\t<\/div>\n\t\t<\/section>\n\t\t\t\t<\/div>\n\t\t","protected":false},"excerpt":{"rendered":"<p>Wsparcie psychologiczne Warsztaty prowadzone przez psychologa odbywaj\u0105 si\u0119 w soboty. Realizowane s\u0105 r\u00f3wnie\u017c porady indywidualne. Terapia zaj\u0119ciowa Od blisko 30 lat w Stowarzyszeniu SPON prowadzona jest terapia zaj\u0119ciowa dla os\u00f3b z niepe\u0142nosprawno\u015bciami. Zaj\u0119cia odbywaj\u0105 si\u0119 dwa razy tygodniu \u2013 we wtorki i czwartki. Opr\u00f3cz ewidentnych korzy\u015bci osobistych (rozw\u00f3j umiej\u0119tno\u015bci i talent\u00f3w, satysfakcja, poczucie w\u0142asnej warto\u015bci),&hellip; <a href=\"http:\/\/sponsopot.org.pl\/index.php\/co-robimy\/\" class=\"more-link\">Czytaj dalej <span class=\"screen-reader-text\">Co robimy<\/span><\/a><\/p>\n","protected":false},"author":1,"featured_media":0,"parent":0,"menu_order":0,"comment_status":"closed","ping_status":"closed","template":"","meta":{"footnotes":""},"class_list":["post-279","page","type-page","status-publish","hentry"],"_links":{"self":[{"href":"http:\/\/sponsopot.org.pl\/index.php\/wp-json\/wp\/v2\/pages\/279","targetHints":{"allow":["GET"]}}],"collection":[{"href":"http:\/\/sponsopot.org.pl\/index.php\/wp-json\/wp\/v2\/pages"}],"about":[{"href":"http:\/\/sponsopot.org.pl\/index.php\/wp-json\/wp\/v2\/types\/page"}],"author":[{"embeddable":true,"href":"http:\/\/sponsopot.org.pl\/index.php\/wp-json\/wp\/v2\/users\/1"}],"replies":[{"embeddable":true,"href":"http:\/\/sponsopot.org.pl\/index.php\/wp-json\/wp\/v2\/comments?post=279"}],"version-history":[{"count":4,"href":"http:\/\/sponsopot.org.pl\/index.php\/wp-json\/wp\/v2\/pages\/279\/revisions"}],"predecessor-version":[{"id":283,"href":"http:\/\/sponsopot.org.pl\/index.php\/wp-json\/wp\/v2\/pages\/279\/revisions\/283"}],"wp:attachment":[{"href":"http:\/\/sponsopot.org.pl\/index.php\/wp-json\/wp\/v2\/media?parent=279"}],"curies":[{"name":"wp","href":"https:\/\/api.w.org\/{rel}","templated":true}]}}