{"id":256,"date":"2022-10-28T11:43:56","date_gmt":"2022-10-28T09:43:56","guid":{"rendered":"http:\/\/sponsopot.pl\/?page_id=256"},"modified":"2025-07-08T16:25:43","modified_gmt":"2025-07-08T14:25:43","slug":"aktualnosci","status":"publish","type":"page","link":"http:\/\/sponsopot.org.pl\/","title":{"rendered":"Aktualno\u015bci"},"content":{"rendered":"\t\t<div data-elementor-type=\"wp-page\" data-elementor-id=\"256\" class=\"elementor elementor-256\">\n\t\t\t\t\t\t<section class=\"elementor-section elementor-top-section elementor-element elementor-element-7941a741 elementor-section-boxed elementor-section-height-default elementor-section-height-default\" data-id=\"7941a741\" data-element_type=\"section\">\n\t\t\t\t\t\t<div class=\"elementor-container elementor-column-gap-default\">\n\t\t\t\t\t<div class=\"elementor-column elementor-col-100 elementor-top-column elementor-element elementor-element-4bd08e3a\" data-id=\"4bd08e3a\" data-element_type=\"column\">\n\t\t\t<div class=\"elementor-widget-wrap elementor-element-populated\">\n\t\t\t\t\t\t<div class=\"elementor-element elementor-element-86c7bdb elementor-widget elementor-widget-image\" data-id=\"86c7bdb\" data-element_type=\"widget\" data-widget_type=\"image.default\">\n\t\t\t\t<div class=\"elementor-widget-container\">\n\t\t\t\t\t\t\t\t\t\t\t\t\t\t\t<img fetchpriority=\"high\" decoding=\"async\" width=\"952\" height=\"673\" src=\"http:\/\/sponsopot.org.pl\/wp-content\/uploads\/2023\/09\/Konferencja-zaproszenie-na-www-1024x724.png\" class=\"attachment-large size-large wp-image-328\" alt=\"Zaproszenie na konferencj\u0119 pod tytu\u0142em &quot;Jaka Integracja?&quot; kt\u00f3re odb\u0119dzie sie dnia 14 wrze\u015bnia 2023 roku o godzinie 11.00 w klubie Pick &amp; Roll. Adres: Sopot, ul. Zamkowa G\u00f3ra 3 (Park Wodny w Sopocie) Projekt KONFEDERACJA SPON zosta\u0142 dofinansowany ze \u015brodk\u00f3w Gminy Miasta Sopotu\" srcset=\"http:\/\/sponsopot.org.pl\/wp-content\/uploads\/2023\/09\/Konferencja-zaproszenie-na-www-1024x724.png 1024w, http:\/\/sponsopot.org.pl\/wp-content\/uploads\/2023\/09\/Konferencja-zaproszenie-na-www-300x212.png 300w, http:\/\/sponsopot.org.pl\/wp-content\/uploads\/2023\/09\/Konferencja-zaproszenie-na-www-768x543.png 768w, http:\/\/sponsopot.org.pl\/wp-content\/uploads\/2023\/09\/Konferencja-zaproszenie-na-www-1536x1086.png 1536w, http:\/\/sponsopot.org.pl\/wp-content\/uploads\/2023\/09\/Konferencja-zaproszenie-na-www.png 1754w\" sizes=\"(max-width: 952px) 100vw, 952px\" \/>\t\t\t\t\t\t\t\t\t\t\t\t\t\t\t<\/div>\n\t\t\t\t<\/div>\n\t\t\t\t<div class=\"elementor-element elementor-element-1b78f8f elementor-widget-divider--view-line elementor-widget elementor-widget-divider\" data-id=\"1b78f8f\" data-element_type=\"widget\" data-widget_type=\"divider.default\">\n\t\t\t\t<div class=\"elementor-widget-container\">\n\t\t\t\t\t\t\t<div class=\"elementor-divider\">\n\t\t\t<span class=\"elementor-divider-separator\">\n\t\t\t\t\t\t<\/span>\n\t\t<\/div>\n\t\t\t\t\t\t<\/div>\n\t\t\t\t<\/div>\n\t\t\t\t<div class=\"elementor-element elementor-element-4895d17 elementor-widget elementor-widget-text-editor\" data-id=\"4895d17\" data-element_type=\"widget\" data-widget_type=\"text-editor.default\">\n\t\t\t\t<div class=\"elementor-widget-container\">\n\t\t\t\t\t\t\t\t\t<p>Zapraszamy na WYSTAW\u0118 PRAC uczestnik\u00f3w terapii zaj\u0119ciowej prowadzonej w naszym Stowarzyszeniu.<br \/><span style=\"color: var( --e-global-color-text ); font-family: var( --e-global-typography-text-font-family ), Sans-serif; font-weight: var( --e-global-typography-text-font-weight );\">Prace mo\u017cna obejrze\u0107 w Bibliotece Sopockiej przy ulicy Kazimierza Wielkiego 14, w dniach 3.11.2022 do 30.12.2022 roku.<\/span><\/p>\t\t\t\t\t\t\t\t<\/div>\n\t\t\t\t<\/div>\n\t\t\t\t<div class=\"elementor-element elementor-element-8d1cf04 elementor-widget elementor-widget-image\" data-id=\"8d1cf04\" data-element_type=\"widget\" data-widget_type=\"image.default\">\n\t\t\t\t<div class=\"elementor-widget-container\">\n\t\t\t\t\t\t\t\t\t\t\t\t\t\t\t<img decoding=\"async\" width=\"724\" height=\"1024\" src=\"http:\/\/sponsopot.org.pl\/wp-content\/uploads\/2022\/10\/signal-2022-10-28-113627_002-724x1024.jpeg\" class=\"attachment-large size-large wp-image-272\" alt=\"Widok pla\u017cy w Sopocie \u2013 \u017cagl\u00f3wki na morzu oraz \u0142\u00f3d\u017a rybacka i sieci na pla\u017cy. Na tle nieba widnieje nazwa zadania, w ramach kt\u00f3rego wykonano prace \u2013 \u201e120 lat Sopotu. SPON dla Sopotu\u201d\" srcset=\"http:\/\/sponsopot.org.pl\/wp-content\/uploads\/2022\/10\/signal-2022-10-28-113627_002-724x1024.jpeg 724w, http:\/\/sponsopot.org.pl\/wp-content\/uploads\/2022\/10\/signal-2022-10-28-113627_002-212x300.jpeg 212w, http:\/\/sponsopot.org.pl\/wp-content\/uploads\/2022\/10\/signal-2022-10-28-113627_002-768x1086.jpeg 768w, http:\/\/sponsopot.org.pl\/wp-content\/uploads\/2022\/10\/signal-2022-10-28-113627_002-1086x1536.jpeg 1086w, http:\/\/sponsopot.org.pl\/wp-content\/uploads\/2022\/10\/signal-2022-10-28-113627_002.jpeg 1131w\" sizes=\"(max-width: 724px) 100vw, 724px\" \/>\t\t\t\t\t\t\t\t\t\t\t\t\t\t\t<\/div>\n\t\t\t\t<\/div>\n\t\t\t\t<div class=\"elementor-element elementor-element-9962420 elementor-widget-divider--view-line elementor-widget elementor-widget-divider\" data-id=\"9962420\" data-element_type=\"widget\" data-widget_type=\"divider.default\">\n\t\t\t\t<div class=\"elementor-widget-container\">\n\t\t\t\t\t\t\t<div class=\"elementor-divider\">\n\t\t\t<span class=\"elementor-divider-separator\">\n\t\t\t\t\t\t<\/span>\n\t\t<\/div>\n\t\t\t\t\t\t<\/div>\n\t\t\t\t<\/div>\n\t\t\t\t<div class=\"elementor-element elementor-element-7a3df844 elementor-widget elementor-widget-text-editor\" data-id=\"7a3df844\" data-element_type=\"widget\" data-widget_type=\"text-editor.default\">\n\t\t\t\t<div class=\"elementor-widget-container\">\n\t\t\t\t\t\t\t\t\t<p><\/p>\n<p><span style=\"color: var( --e-global-color-text ); font-family: var( --e-global-typography-text-font-family ), Sans-serif; font-weight: var( --e-global-typography-text-font-weight );\">W dniu 19.10.2022 r. w godz. 10-15, w Gda\u0144sku przy ul. \u017baglowej 11 (AMBEREXPO) odb\u0119dzie si\u0119\u00a0<\/span><span style=\"color: var( --e-global-color-text ); font-family: var( --e-global-typography-text-font-family ), Sans-serif; font-weight: bold;\">Festiwal Pracy i Aktywno\u015bci Senior\u00f3w 4<\/span><span style=\"color: var( --e-global-color-text ); font-family: var( --e-global-typography-text-font-family ), Sans-serif; font-weight: var( --e-global-typography-text-font-weight );\">.<\/span><\/p>\n<p>Udzia\u0142 dla uczestnik\u00f3w w wydarzeniu jest ca\u0142kowicie bezp\u0142atny.<br \/>Link do pobrania materia\u0142\u00f3w promocyjnych (komunikat + grafika):<br \/><a style=\"background-color: #ffffff;\" href=\"https:\/\/www.festiwalaktywnosci.pl\/komunikat.zip\">https:\/\/www.festiwalaktywnosci.pl\/komunikat.zip<\/a><\/p>\n<p><\/p>\n<p><\/p>\n<p><\/p>\t\t\t\t\t\t\t\t<\/div>\n\t\t\t\t<\/div>\n\t\t\t\t<div class=\"elementor-element elementor-element-344ecc3 elementor-widget-divider--view-line elementor-widget elementor-widget-divider\" data-id=\"344ecc3\" data-element_type=\"widget\" data-widget_type=\"divider.default\">\n\t\t\t\t<div class=\"elementor-widget-container\">\n\t\t\t\t\t\t\t<div class=\"elementor-divider\">\n\t\t\t<span class=\"elementor-divider-separator\">\n\t\t\t\t\t\t<\/span>\n\t\t<\/div>\n\t\t\t\t\t\t<\/div>\n\t\t\t\t<\/div>\n\t\t\t\t<div class=\"elementor-element elementor-element-80b41b6 elementor-widget elementor-widget-text-editor\" data-id=\"80b41b6\" data-element_type=\"widget\" data-widget_type=\"text-editor.default\">\n\t\t\t\t<div class=\"elementor-widget-container\">\n\t\t\t\t\t\t\t\t\t<p>W pa\u017adzierniku 2022 r. zapraszamy na\u00a0<span style=\"font-weight: bold;\">spotkania z Pani\u0105 Marlen\u0105 Meyer<\/span>, gerontopedago\u017ck\u0105, certyfikowan\u0105 trenerk\u0105 w ameryka\u0144skim programie edukacyjnym o demencji &#8222;Pozytywne podej\u015bcie do opieki&#8221; (ang. Positive Approach to Care &#8211; PAC), autorstwa Teepy Snow:<\/p>\n<p>05.10.2022 \u2013 godzina 10:00<br \/><span style=\"color: var( --e-global-color-text ); font-family: var( --e-global-typography-text-font-family ), Sans-serif; font-weight: var( --e-global-typography-text-font-weight );\">12.10.2022 \u2013 godzina 10:00<br \/><\/span><span style=\"color: var( --e-global-color-text ); font-family: var( --e-global-typography-text-font-family ), Sans-serif; font-weight: var( --e-global-typography-text-font-weight );\">26.10.2022 \u2013 godzina 10:00<\/span><\/p>\t\t\t\t\t\t\t\t<\/div>\n\t\t\t\t<\/div>\n\t\t\t\t<div class=\"elementor-element elementor-element-a56dc6e elementor-widget-divider--view-line elementor-widget elementor-widget-divider\" data-id=\"a56dc6e\" data-element_type=\"widget\" data-widget_type=\"divider.default\">\n\t\t\t\t<div class=\"elementor-widget-container\">\n\t\t\t\t\t\t\t<div class=\"elementor-divider\">\n\t\t\t<span class=\"elementor-divider-separator\">\n\t\t\t\t\t\t<\/span>\n\t\t<\/div>\n\t\t\t\t\t\t<\/div>\n\t\t\t\t<\/div>\n\t\t\t\t<div class=\"elementor-element elementor-element-f4e6b07 elementor-widget elementor-widget-text-editor\" data-id=\"f4e6b07\" data-element_type=\"widget\" data-widget_type=\"text-editor.default\">\n\t\t\t\t<div class=\"elementor-widget-container\">\n\t\t\t\t\t\t\t\t\t<p>W dniu 15.09.2022 r. w godz. 11 \u2013 15, w sopockim Parku Wodnym (Klub Pick&amp;Roll) odb\u0119dzie si\u0119\u00a0<span style=\"font-weight: bold;\">Konferencja SPON<\/span>\u00a0na temat sprawno\u015bci w niepe\u0142nosprawno\u015bci. Serdecznie zapraszamy.<\/p>\t\t\t\t\t\t\t\t<\/div>\n\t\t\t\t<\/div>\n\t\t\t\t\t<\/div>\n\t\t<\/div>\n\t\t\t\t\t<\/div>\n\t\t<\/section>\n\t\t\t\t<\/div>\n\t\t","protected":false},"excerpt":{"rendered":"<p>Zapraszamy na WYSTAW\u0118 PRAC uczestnik\u00f3w terapii zaj\u0119ciowej prowadzonej w naszym Stowarzyszeniu.Prace mo\u017cna obejrze\u0107 w Bibliotece Sopockiej przy ulicy Kazimierza Wielkiego 14, w dniach 3.11.2022 do 30.12.2022 roku. W dniu 19.10.2022 r. w godz. 10-15, w Gda\u0144sku przy ul. \u017baglowej 11 (AMBEREXPO) odb\u0119dzie si\u0119\u00a0Festiwal Pracy i Aktywno\u015bci Senior\u00f3w 4. Udzia\u0142 dla uczestnik\u00f3w w wydarzeniu jest ca\u0142kowicie&hellip; <a href=\"http:\/\/sponsopot.org.pl\/\" class=\"more-link\">Czytaj dalej <span class=\"screen-reader-text\">Aktualno\u015bci<\/span><\/a><\/p>\n","protected":false},"author":1,"featured_media":0,"parent":0,"menu_order":0,"comment_status":"closed","ping_status":"closed","template":"","meta":{"footnotes":""},"class_list":["post-256","page","type-page","status-publish","hentry"],"_links":{"self":[{"href":"http:\/\/sponsopot.org.pl\/index.php\/wp-json\/wp\/v2\/pages\/256","targetHints":{"allow":["GET"]}}],"collection":[{"href":"http:\/\/sponsopot.org.pl\/index.php\/wp-json\/wp\/v2\/pages"}],"about":[{"href":"http:\/\/sponsopot.org.pl\/index.php\/wp-json\/wp\/v2\/types\/page"}],"author":[{"embeddable":true,"href":"http:\/\/sponsopot.org.pl\/index.php\/wp-json\/wp\/v2\/users\/1"}],"replies":[{"embeddable":true,"href":"http:\/\/sponsopot.org.pl\/index.php\/wp-json\/wp\/v2\/comments?post=256"}],"version-history":[{"count":26,"href":"http:\/\/sponsopot.org.pl\/index.php\/wp-json\/wp\/v2\/pages\/256\/revisions"}],"predecessor-version":[{"id":341,"href":"http:\/\/sponsopot.org.pl\/index.php\/wp-json\/wp\/v2\/pages\/256\/revisions\/341"}],"wp:attachment":[{"href":"http:\/\/sponsopot.org.pl\/index.php\/wp-json\/wp\/v2\/media?parent=256"}],"curies":[{"name":"wp","href":"https:\/\/api.w.org\/{rel}","templated":true}]}}