{"id":145,"date":"2022-06-20T09:32:16","date_gmt":"2022-06-20T07:32:16","guid":{"rendered":"http:\/\/new.sponsopot.pl\/?page_id=145"},"modified":"2025-07-07T13:44:07","modified_gmt":"2025-07-07T11:44:07","slug":"1-2","status":"publish","type":"page","link":"http:\/\/sponsopot.org.pl\/index.php\/1-2\/","title":{"rendered":"1,5%"},"content":{"rendered":"\t\t<div data-elementor-type=\"wp-page\" data-elementor-id=\"145\" class=\"elementor elementor-145\">\n\t\t\t\t\t\t<section class=\"elementor-section elementor-top-section elementor-element elementor-element-0cc449f elementor-section-boxed elementor-section-height-default elementor-section-height-default\" data-id=\"0cc449f\" data-element_type=\"section\">\n\t\t\t\t\t\t<div class=\"elementor-container elementor-column-gap-default\">\n\t\t\t\t\t<div class=\"elementor-column elementor-col-100 elementor-top-column elementor-element elementor-element-cd01138\" data-id=\"cd01138\" data-element_type=\"column\">\n\t\t\t<div class=\"elementor-widget-wrap elementor-element-populated\">\n\t\t\t\t\t\t<div class=\"elementor-element elementor-element-5af2373 elementor-widget elementor-widget-text-editor\" data-id=\"5af2373\" data-element_type=\"widget\" data-widget_type=\"text-editor.default\">\n\t\t\t\t<div class=\"elementor-widget-container\">\n\t\t\t\t\t\t\t\t\t<h5>Prosimy &#8211; Wesprzyj dzia\u0142ania naszego Stowarzyszenia<\/h5><p>Sam decyduj, na jakie cele maj\u0105 by\u0107 przeznaczone Twoje podatki.<\/p><p class=\"rtejustify\">Przekazuj\u0105c jeden procent swojego podatku na rzecz naszego Stowarzyszenia, umo\u017cliwisz osobom niepe\u0142nosprawnym lepsze funkcjonowanie w naszym spo\u0142ecze\u0144stwie.<\/p><p class=\"rtejustify\">Przekazane pieni\u0105dze zostan\u0105 przeznaczone na dofinansowanie niezb\u0119dnej rehabilitacji medycznej i spo\u0142ecznej, dodatkowe wyposa\u017cenie gabinet\u00f3w zabiegowych oraz organizacj\u0119 imprez integracyjnych przystosowanych do potrzeb i ogranicze\u0144 naszych podopiecznych.<\/p><p>Do tej pory korzystali\u015bmy z hojno\u015bci sponsor\u00f3w oraz z dofinansowania instytucji pa\u0144stwowych i samorz\u0105dowych. Teraz liczymy tak\u017ce na szczodro\u015b\u0107 podatnik\u00f3w.<\/p><p>Stowarzyszenie Pomocy Osobom Niepe\u0142nosprawnym SPON w Sopocie jest organizacj\u0105 po\u017cytku publicznego zarejestrowan\u0105 w Krajowym Rejestrze S\u0105dowym pod numerem KRS 0000049858.<\/p>\t\t\t\t\t\t\t\t<\/div>\n\t\t\t\t<\/div>\n\t\t\t\t<div class=\"elementor-element elementor-element-49fa7c0 elementor-widget elementor-widget-text-editor\" data-id=\"49fa7c0\" data-element_type=\"widget\" data-widget_type=\"text-editor.default\">\n\t\t\t\t<div class=\"elementor-widget-container\">\n\t\t\t\t\t\t\t\t\t<h5><strong>Jak przekaza\u0107 1% podatku na rzecz Stowarzyszenia SPON?<\/strong><\/h5><p><strong>KROK 1<\/strong>\u00a0\u2013 nale\u017cy wybra\u0107 organizacj\u0119 po\u017cytku publicznego, na rzecz kt\u00f3rej chcemy przekaza\u0107 1% podatku<\/p><p><strong>KROK 2<\/strong>\u00a0\u2013 nale\u017cy wype\u0142ni\u0107 odpowiedni formularz PIT: PIT-28, PIT-36, PIT-37, PIT-38, wpisa\u0107 w odpowiedni\u0105 rubryk\u0119 r\u00f3wnowarto\u015b\u0107 1% nale\u017cnego podatku dochodowego oraz numer KRS organizacji (KRS:\u00a0<span style=\"color: var( --e-global-color-text ); font-family: var( --e-global-typography-text-font-family ), Sans-serif; font-weight: var( --e-global-typography-text-font-weight );\">0000049858)<\/span><span style=\"color: var( --e-global-color-text ); font-family: var( --e-global-typography-text-font-family ), Sans-serif; font-weight: var( --e-global-typography-text-font-weight );\">.<\/span><\/p><p><strong>KROK 3<\/strong>\u00a0\u2013 wype\u0142nione zeznanie PIT nale\u017cy z\u0142o\u017cy\u0107 w urz\u0119dzie skarbowym lub wys\u0142a\u0107 poczt\u0105 nie p\u00f3\u017aniej ni\u017c do ko\u0144ca kwietnia.<\/p><p>Urz\u0105d Skarbowy przeka\u017ce nast\u0119pnie \u0142\u0105czn\u0105 kwot\u0119, kt\u00f3r\u0105 podatnicy przekazali danej organizacji, na jej konto.<\/p><p><strong>Emeryci i renci\u015bci a 1%<\/strong><\/p><p><strong>KROK 1<\/strong>\u00a0\u2013 nale\u017cy wybra\u0107 organizacj\u0119 po\u017cytku publicznego, na rzecz kt\u00f3rej chcemy przekaza\u0107 1% podatku<\/p><p><strong>KROK 2<\/strong>\u00a0\u2013 nale\u017cy pobra\u0107 i wype\u0142ni\u0107 formularz PIT-OP (mi\u0119dzy innymi wpisa\u0107 numer KRS wybranej organizacji) oraz podpisa\u0107.<\/p><p><strong>KROK 3<\/strong> \u2013 nale\u017cy wys\u0142a\u0107 wype\u0142niony formularz PIT-OP papierowo lub elektronicznie do swojego urz\u0119du skarbowego.<\/p>\t\t\t\t\t\t\t\t<\/div>\n\t\t\t\t<\/div>\n\t\t\t\t\t<\/div>\n\t\t<\/div>\n\t\t\t\t\t<\/div>\n\t\t<\/section>\n\t\t\t\t<\/div>\n\t\t","protected":false},"excerpt":{"rendered":"<p>Prosimy &#8211; Wesprzyj dzia\u0142ania naszego Stowarzyszenia Sam decyduj, na jakie cele maj\u0105 by\u0107 przeznaczone Twoje podatki. Przekazuj\u0105c jeden procent swojego podatku na rzecz naszego Stowarzyszenia, umo\u017cliwisz osobom niepe\u0142nosprawnym lepsze funkcjonowanie w naszym spo\u0142ecze\u0144stwie. Przekazane pieni\u0105dze zostan\u0105 przeznaczone na dofinansowanie niezb\u0119dnej rehabilitacji medycznej i spo\u0142ecznej, dodatkowe wyposa\u017cenie gabinet\u00f3w zabiegowych oraz organizacj\u0119 imprez integracyjnych przystosowanych do potrzeb&hellip; <a href=\"http:\/\/sponsopot.org.pl\/index.php\/1-2\/\" class=\"more-link\">Czytaj dalej <span class=\"screen-reader-text\">1,5%<\/span><\/a><\/p>\n","protected":false},"author":1,"featured_media":0,"parent":0,"menu_order":0,"comment_status":"closed","ping_status":"closed","template":"","meta":{"footnotes":""},"class_list":["post-145","page","type-page","status-publish","hentry"],"_links":{"self":[{"href":"http:\/\/sponsopot.org.pl\/index.php\/wp-json\/wp\/v2\/pages\/145","targetHints":{"allow":["GET"]}}],"collection":[{"href":"http:\/\/sponsopot.org.pl\/index.php\/wp-json\/wp\/v2\/pages"}],"about":[{"href":"http:\/\/sponsopot.org.pl\/index.php\/wp-json\/wp\/v2\/types\/page"}],"author":[{"embeddable":true,"href":"http:\/\/sponsopot.org.pl\/index.php\/wp-json\/wp\/v2\/users\/1"}],"replies":[{"embeddable":true,"href":"http:\/\/sponsopot.org.pl\/index.php\/wp-json\/wp\/v2\/comments?post=145"}],"version-history":[{"count":11,"href":"http:\/\/sponsopot.org.pl\/index.php\/wp-json\/wp\/v2\/pages\/145\/revisions"}],"predecessor-version":[{"id":335,"href":"http:\/\/sponsopot.org.pl\/index.php\/wp-json\/wp\/v2\/pages\/145\/revisions\/335"}],"wp:attachment":[{"href":"http:\/\/sponsopot.org.pl\/index.php\/wp-json\/wp\/v2\/media?parent=145"}],"curies":[{"name":"wp","href":"https:\/\/api.w.org\/{rel}","templated":true}]}}