{"id":139,"date":"2022-06-20T09:30:34","date_gmt":"2022-06-20T07:30:34","guid":{"rendered":"http:\/\/new.sponsopot.pl\/?page_id=139"},"modified":"2023-02-18T13:16:58","modified_gmt":"2023-02-18T12:16:58","slug":"terapia-zajeciowa","status":"publish","type":"page","link":"http:\/\/sponsopot.org.pl\/index.php\/terapia-zajeciowa\/","title":{"rendered":"Terapia zaj\u0119ciowa"},"content":{"rendered":"\t\t<div data-elementor-type=\"wp-page\" data-elementor-id=\"139\" class=\"elementor elementor-139\">\n\t\t\t\t\t\t<section class=\"elementor-section elementor-top-section elementor-element elementor-element-3d02236 elementor-section-boxed elementor-section-height-default elementor-section-height-default\" data-id=\"3d02236\" data-element_type=\"section\">\n\t\t\t\t\t\t<div class=\"elementor-container elementor-column-gap-default\">\n\t\t\t\t\t<div class=\"elementor-column elementor-col-100 elementor-top-column elementor-element elementor-element-fe9fcd9\" data-id=\"fe9fcd9\" data-element_type=\"column\">\n\t\t\t<div class=\"elementor-widget-wrap elementor-element-populated\">\n\t\t\t\t\t\t<div class=\"elementor-element elementor-element-5f67153 elementor-widget elementor-widget-text-editor\" data-id=\"5f67153\" data-element_type=\"widget\" data-widget_type=\"text-editor.default\">\n\t\t\t\t<div class=\"elementor-widget-container\">\n\t\t\t\t\t\t\t\t\t<p>Od ponad 20 lat w Stowarzyszeniu SPON prowadzona jest terapia zaj\u0119ciowa dla os\u00f3b niepe\u0142nosprawnych. Zaj\u0119cia odbywaj\u0105 si\u0119 dwa razy tygodniu.<\/p><p class=\"rtejustify\">Opr\u00f3cz ewidentnych korzy\u015bci osobistych (rozw\u00f3j umiej\u0119tno\u015bci i talent\u00f3w, satysfakcja, poczucie w\u0142asnej warto\u015bci), celem terapii jest r\u00f3wnie\u017c zapobieganie izolacji poprzez nabywanie nowych kompetencji oraz zwi\u0119kszenie motywacji do dalszych wyzwa\u0144 i dzia\u0142a\u0144. Rozw\u00f3j w\u0142asnego potencja\u0142u i nowych umiej\u0119tno\u015bci oraz mo\u017cliwo\u015b\u0107 zaprezentowania swoich osi\u0105gni\u0119\u0107 prowadzi r\u00f3wnie\u017c do stopniowej przemiany postaw spo\u0142ecznych wobec ludzi niepe\u0142nosprawnych i ich potrzeb.<\/p>\t\t\t\t\t\t\t\t<\/div>\n\t\t\t\t<\/div>\n\t\t\t\t<div class=\"elementor-element elementor-element-e67ad60 elementor-widget elementor-widget-image\" data-id=\"e67ad60\" data-element_type=\"widget\" data-widget_type=\"image.default\">\n\t\t\t\t<div class=\"elementor-widget-container\">\n\t\t\t\t\t\t\t\t\t\t\t\t\t\t\t<img fetchpriority=\"high\" decoding=\"async\" width=\"952\" height=\"714\" src=\"http:\/\/sponsopot.org.pl\/wp-content\/uploads\/2022\/06\/ter_zaj.jpg\" class=\"attachment-large size-large wp-image-141\" alt=\"\" srcset=\"http:\/\/sponsopot.org.pl\/wp-content\/uploads\/2022\/06\/ter_zaj.jpg 960w, http:\/\/sponsopot.org.pl\/wp-content\/uploads\/2022\/06\/ter_zaj-300x225.jpg 300w, http:\/\/sponsopot.org.pl\/wp-content\/uploads\/2022\/06\/ter_zaj-768x576.jpg 768w\" sizes=\"(max-width: 952px) 100vw, 952px\" \/>\t\t\t\t\t\t\t\t\t\t\t\t\t\t\t<\/div>\n\t\t\t\t<\/div>\n\t\t\t\t<div class=\"elementor-element elementor-element-6c70a2f elementor-widget elementor-widget-text-editor\" data-id=\"6c70a2f\" data-element_type=\"widget\" data-widget_type=\"text-editor.default\">\n\t\t\t\t<div class=\"elementor-widget-container\">\n\t\t\t\t\t\t\t\t\t<p>Udzia\u0142 w terapii zaj\u0119ciowej u\u0142atwia nabycie lub przywr\u00f3cenie kompetencji spo\u0142ecznych i&nbsp;samodzielnego funkcjonowania, ograniczenie poczucia bezradno\u015bci i spo\u0142ecznej apatii, aby zmniejszy\u0107 typowe w tym \u015brodowisku wycofanie si\u0119 i zamkni\u0119cie w domu.<\/p>\t\t\t\t\t\t\t\t<\/div>\n\t\t\t\t<\/div>\n\t\t\t\t\t<\/div>\n\t\t<\/div>\n\t\t\t\t\t<\/div>\n\t\t<\/section>\n\t\t\t\t<\/div>\n\t\t","protected":false},"excerpt":{"rendered":"<p>Od ponad 20 lat w Stowarzyszeniu SPON prowadzona jest terapia zaj\u0119ciowa dla os\u00f3b niepe\u0142nosprawnych. Zaj\u0119cia odbywaj\u0105 si\u0119 dwa razy tygodniu. Opr\u00f3cz ewidentnych korzy\u015bci osobistych (rozw\u00f3j umiej\u0119tno\u015bci i talent\u00f3w, satysfakcja, poczucie w\u0142asnej warto\u015bci), celem terapii jest r\u00f3wnie\u017c zapobieganie izolacji poprzez nabywanie nowych kompetencji oraz zwi\u0119kszenie motywacji do dalszych wyzwa\u0144 i dzia\u0142a\u0144. Rozw\u00f3j w\u0142asnego potencja\u0142u i nowych&hellip; <a href=\"http:\/\/sponsopot.org.pl\/index.php\/terapia-zajeciowa\/\" class=\"more-link\">Czytaj dalej <span class=\"screen-reader-text\">Terapia zaj\u0119ciowa<\/span><\/a><\/p>\n","protected":false},"author":1,"featured_media":0,"parent":0,"menu_order":0,"comment_status":"closed","ping_status":"closed","template":"","meta":{"footnotes":""},"class_list":["post-139","page","type-page","status-publish","hentry"],"_links":{"self":[{"href":"http:\/\/sponsopot.org.pl\/index.php\/wp-json\/wp\/v2\/pages\/139","targetHints":{"allow":["GET"]}}],"collection":[{"href":"http:\/\/sponsopot.org.pl\/index.php\/wp-json\/wp\/v2\/pages"}],"about":[{"href":"http:\/\/sponsopot.org.pl\/index.php\/wp-json\/wp\/v2\/types\/page"}],"author":[{"embeddable":true,"href":"http:\/\/sponsopot.org.pl\/index.php\/wp-json\/wp\/v2\/users\/1"}],"replies":[{"embeddable":true,"href":"http:\/\/sponsopot.org.pl\/index.php\/wp-json\/wp\/v2\/comments?post=139"}],"version-history":[{"count":7,"href":"http:\/\/sponsopot.org.pl\/index.php\/wp-json\/wp\/v2\/pages\/139\/revisions"}],"predecessor-version":[{"id":312,"href":"http:\/\/sponsopot.org.pl\/index.php\/wp-json\/wp\/v2\/pages\/139\/revisions\/312"}],"wp:attachment":[{"href":"http:\/\/sponsopot.org.pl\/index.php\/wp-json\/wp\/v2\/media?parent=139"}],"curies":[{"name":"wp","href":"https:\/\/api.w.org\/{rel}","templated":true}]}}