{"id":109,"date":"2022-06-19T21:45:03","date_gmt":"2022-06-19T19:45:03","guid":{"rendered":"http:\/\/new.sponsopot.pl\/?page_id=109"},"modified":"2022-07-12T22:02:44","modified_gmt":"2022-07-12T20:02:44","slug":"rehabilitacja","status":"publish","type":"page","link":"http:\/\/sponsopot.org.pl\/index.php\/rehabilitacja\/","title":{"rendered":"Rehabilitacja"},"content":{"rendered":"\t\t<div data-elementor-type=\"wp-page\" data-elementor-id=\"109\" class=\"elementor elementor-109\">\n\t\t\t\t\t\t<section class=\"elementor-section elementor-top-section elementor-element elementor-element-eeeb448 elementor-section-boxed elementor-section-height-default elementor-section-height-default\" data-id=\"eeeb448\" data-element_type=\"section\">\n\t\t\t\t\t\t<div class=\"elementor-container elementor-column-gap-default\">\n\t\t\t\t\t<div class=\"elementor-column elementor-col-100 elementor-top-column elementor-element elementor-element-98460d1\" data-id=\"98460d1\" data-element_type=\"column\">\n\t\t\t<div class=\"elementor-widget-wrap elementor-element-populated\">\n\t\t\t\t\t\t<div class=\"elementor-element elementor-element-8c98034 elementor-widget elementor-widget-text-editor\" data-id=\"8c98034\" data-element_type=\"widget\" data-widget_type=\"text-editor.default\">\n\t\t\t\t<div class=\"elementor-widget-container\">\n\t\t\t\t\t\t\t\t\t<h5>Rehabilitacja<\/h5>\n<p>Rehabilitacj\u0119 medyczn\u0105 realizowan\u0105 na zasadzie kontraktu z NFZ. Pacjent\u00f3w obowi\u0105zuje skierowanie od lekarza POZ lub specjalisty.<\/p>\n<p>Zapisy w siedzibie Stowarzyszenia SPON.<\/p>\t\t\t\t\t\t\t\t<\/div>\n\t\t\t\t<\/div>\n\t\t\t\t<div class=\"elementor-element elementor-element-d646103 elementor-widget elementor-widget-image\" data-id=\"d646103\" data-element_type=\"widget\" data-widget_type=\"image.default\">\n\t\t\t\t<div class=\"elementor-widget-container\">\n\t\t\t\t\t\t\t\t\t\t\t\t\t\t\t<img fetchpriority=\"high\" decoding=\"async\" width=\"952\" height=\"714\" src=\"http:\/\/sponsopot.org.pl\/wp-content\/uploads\/2022\/06\/signal-2022-06-28-183717_001-1024x768.jpeg\" class=\"attachment-large size-large wp-image-213\" alt=\"Zdj\u0119cie przedstawiaj\u0105ce pomieszczenie do wykonywania zabieg\u00f3w rehabilitacyjnych. W pomieszczeniu znajduje si\u0119 8 kabin w kt\u00f3rych znajduj\u0105 si\u0119 r\u00f3\u017cne urz\u0105dzenia do zabieg\u00f3w. Ka\u017cda kabina ma mo\u017cliwo\u015b\u0107 zas\u0142oni\u0119cia kotar\u0105.\" srcset=\"http:\/\/sponsopot.org.pl\/wp-content\/uploads\/2022\/06\/signal-2022-06-28-183717_001-1024x768.jpeg 1024w, http:\/\/sponsopot.org.pl\/wp-content\/uploads\/2022\/06\/signal-2022-06-28-183717_001-300x225.jpeg 300w, http:\/\/sponsopot.org.pl\/wp-content\/uploads\/2022\/06\/signal-2022-06-28-183717_001-768x576.jpeg 768w, http:\/\/sponsopot.org.pl\/wp-content\/uploads\/2022\/06\/signal-2022-06-28-183717_001-1536x1152.jpeg 1536w, http:\/\/sponsopot.org.pl\/wp-content\/uploads\/2022\/06\/signal-2022-06-28-183717_001.jpeg 1600w\" sizes=\"(max-width: 952px) 100vw, 952px\" \/>\t\t\t\t\t\t\t\t\t\t\t\t\t\t\t<\/div>\n\t\t\t\t<\/div>\n\t\t\t\t<div class=\"elementor-element elementor-element-504f110 elementor-widget elementor-widget-text-editor\" data-id=\"504f110\" data-element_type=\"widget\" data-widget_type=\"text-editor.default\">\n\t\t\t\t<div class=\"elementor-widget-container\">\n\t\t\t\t\t\t\t\t\t<p>Rejestracja:<\/p><p>Poniedzia\u0142ki, wtorki i czwartki w godzinach 12.00-18.00<\/p><p>\u015arody i pi\u0105tki w godzinach 9.00-14.00.<\/p><p>Tel. 58 551 58 66<\/p><p>W Zak\u0142adzie Rehabilitacji SPON przyjmuj\u0105 lekarze rehabilitacji.<\/p><p>Zlecone przez lekarza rehabilitacji zabiegi fizjoterapeutyczne wykonywane s\u0105 od poniedzia\u0142ku do pi\u0105tku w godzinach od 8.00 do 18.00.<\/p>\t\t\t\t\t\t\t\t<\/div>\n\t\t\t\t<\/div>\n\t\t\t\t<div class=\"elementor-element elementor-element-48f4de7 elementor-widget elementor-widget-text-editor\" data-id=\"48f4de7\" data-element_type=\"widget\" data-widget_type=\"text-editor.default\">\n\t\t\t\t<div class=\"elementor-widget-container\">\n\t\t\t\t\t\t\t\t\t<h5>Basen<\/h5><p>Od wielu ju\u017c lat SPON organizuje zaj\u0119cia rehabilitacyjne na basenie.<\/p><p class=\"rtejustify\">Rehabilitacja w wodzie doskonale wp\u0142ywa na\u00a0popraw\u0119 jako\u015bci \u017cycia u os\u00f3b z\u00a0dysfunkcj\u0105 ruchow\u0105. Woda jest wi\u0119c \u015bwietnym \u015brodowiskiem do prowadzenia zabieg\u00f3w rehabilitacyjnych. Wp\u0142ywa na rozlu\u017anienie mi\u0119\u015bni, a jednocze\u015bnie \u2013 dzi\u0119ki oporowi, jaki powoduje \u2013 pozwala \u00a0na wzmacnianie okre\u015blonych grup mi\u0119\u015bniowych przy odpowiednio dobranych \u0107wiczeniach.<\/p>\t\t\t\t\t\t\t\t<\/div>\n\t\t\t\t<\/div>\n\t\t\t\t<div class=\"elementor-element elementor-element-56f734f elementor-widget elementor-widget-image\" data-id=\"56f734f\" data-element_type=\"widget\" data-widget_type=\"image.default\">\n\t\t\t\t<div class=\"elementor-widget-container\">\n\t\t\t\t\t\t\t\t\t\t\t\t\t\t\t<img decoding=\"async\" width=\"952\" height=\"714\" src=\"http:\/\/sponsopot.org.pl\/wp-content\/uploads\/2022\/06\/BASEN-6.jpg\" class=\"attachment-large size-large wp-image-111\" alt=\"Dzieci wraz z rehabilitantk\u0105 bior\u0105 udzia\u0142 w zaj\u0119ciach na basenie\" srcset=\"http:\/\/sponsopot.org.pl\/wp-content\/uploads\/2022\/06\/BASEN-6.jpg 960w, http:\/\/sponsopot.org.pl\/wp-content\/uploads\/2022\/06\/BASEN-6-300x225.jpg 300w, http:\/\/sponsopot.org.pl\/wp-content\/uploads\/2022\/06\/BASEN-6-768x576.jpg 768w\" sizes=\"(max-width: 952px) 100vw, 952px\" \/>\t\t\t\t\t\t\t\t\t\t\t\t\t\t\t<\/div>\n\t\t\t\t<\/div>\n\t\t\t\t<div class=\"elementor-element elementor-element-95f4e8c elementor-widget elementor-widget-text-editor\" data-id=\"95f4e8c\" data-element_type=\"widget\" data-widget_type=\"text-editor.default\">\n\t\t\t\t<div class=\"elementor-widget-container\">\n\t\t\t\t\t\t\t\t\t<p>Rehabilitacja w wodzie pozwala w wielu przypadkach na skr\u00f3cenie czasu rehabilitacji, a co za tym idzie, szybszym powrocie do sprawno\u015bci.<\/p><p>Wp\u0142ywa na cz\u0142owieka pozytywnie nie tylko ruchowo ale r\u00f3wnie\u017c psychicznie, poniewa\u017c jest on w stanie porusza\u0107 si\u0119 bardziej niezale\u017cnie.<\/p><p>Od kilku lat Stowarzyszenie SPON realizuje zaj\u0119cia na basenie w sopockim Aquaparku.<\/p>\t\t\t\t\t\t\t\t<\/div>\n\t\t\t\t<\/div>\n\t\t\t\t<div class=\"elementor-element elementor-element-f426dec elementor-widget elementor-widget-text-editor\" data-id=\"f426dec\" data-element_type=\"widget\" data-widget_type=\"text-editor.default\">\n\t\t\t\t<div class=\"elementor-widget-container\">\n\t\t\t\t\t\t\t\t\t<h5>Bez zadyszki<\/h5><p>W Stowarzyszeniu SPON w Sopocie realizujemy kolejny rewelacyjny cykl programowy \u2013 CORAZ SPRAWNIEJSI.<\/p><p class=\"rtejustify\">Celem programu jest poprawa sprawno\u015bci fizycznej doros\u0142ych os\u00f3b niepe\u0142nosprawnych. Dzi\u0119ki lepszej kondycji fizycznej niepe\u0142nosprawny cz\u0142owiek ch\u0119tniej i skuteczniej podejmie trudy rehabilitacji i szybciej osi\u0105gnie po\u017c\u0105dane rezultaty tej rehabilitacji.<\/p>\t\t\t\t\t\t\t\t<\/div>\n\t\t\t\t<\/div>\n\t\t\t\t<div class=\"elementor-element elementor-element-f4e1d1d elementor-widget elementor-widget-image\" data-id=\"f4e1d1d\" data-element_type=\"widget\" data-widget_type=\"image.default\">\n\t\t\t\t<div class=\"elementor-widget-container\">\n\t\t\t\t\t\t\t\t\t\t\t\t\t\t\t<img decoding=\"async\" width=\"952\" height=\"714\" src=\"http:\/\/sponsopot.org.pl\/wp-content\/uploads\/2022\/06\/zadyszka-6.jpg\" class=\"attachment-large size-large wp-image-133\" alt=\"\" srcset=\"http:\/\/sponsopot.org.pl\/wp-content\/uploads\/2022\/06\/zadyszka-6.jpg 1024w, http:\/\/sponsopot.org.pl\/wp-content\/uploads\/2022\/06\/zadyszka-6-300x225.jpg 300w, http:\/\/sponsopot.org.pl\/wp-content\/uploads\/2022\/06\/zadyszka-6-768x576.jpg 768w\" sizes=\"(max-width: 952px) 100vw, 952px\" \/>\t\t\t\t\t\t\t\t\t\t\t\t\t\t\t<\/div>\n\t\t\t\t<\/div>\n\t\t\t\t<div class=\"elementor-element elementor-element-ac5af7e elementor-widget elementor-widget-text-editor\" data-id=\"ac5af7e\" data-element_type=\"widget\" data-widget_type=\"text-editor.default\">\n\t\t\t\t<div class=\"elementor-widget-container\">\n\t\t\t\t\t\t\t\t\t<p class=\"rtejustify\">Celem jest r\u00f3wnie\u017c taka organizacja zaj\u0119\u0107 usprawniaj\u0105cych, aby wyeliminowa\u0107 poczucie wstydu i za\u017cenowania w\u0142asnym wygl\u0105dem czy bardzo z\u0142\u0105 kondycj\u0105, co zmotywuje ludzi niepe\u0142nosprawnych do wzi\u0119cia w nich udzia\u0142u. Obserwacja realizowanych ju\u017c w SPON zaj\u0119\u0107 pozwala stwierdzi\u0107, \u017ce oba cele s\u0105 doskonale realizowane, a uczestnicy s\u0105 wyj\u0105tkowo zadowoleni.<\/p><p>Zaj\u0119cia odbywaj\u0105 si\u0119 na sali gimnastycznej, w sopockim Aqua Parku oraz w\u00a0plenerze \u2013 Nordic walking \u2013 czyli marsze z kijkami.<\/p>\t\t\t\t\t\t\t\t<\/div>\n\t\t\t\t<\/div>\n\t\t\t\t<div class=\"elementor-element elementor-element-b83cf55 elementor-widget elementor-widget-text-editor\" data-id=\"b83cf55\" data-element_type=\"widget\" data-widget_type=\"text-editor.default\">\n\t\t\t\t<div class=\"elementor-widget-container\">\n\t\t\t\t\t\t\t\t\t<h5>Hipoterapia<\/h5><p class=\"rtejustify\">W Stowarzyszeniu SPON hipoterapi\u0119 prowadzimy od ponad 15 lat. Doceniana jest nie tylko przez rodzic\u00f3w i lekarzy rehabilitacji, ale r\u00f3wnie\u017c, a mo\u017ce przede wszystkim, przez dzieci. Opr\u00f3cz zasadniczych rezultat\u00f3w rehabilitacji \u2013 poprawy stanu zdrowia \u2013 u naszych ma\u0142ych pacjent\u00f3w zauwa\u017calne jest r\u00f3wnie\u017c zwi\u0119kszenie poczucia w\u0142asnej warto\u015bci, zmniejszenie zaburze\u0144 emocjonalnych oraz rozwijanie pozytywnych kontakt\u00f3w spo\u0142ecznych.<\/p><p class=\"rtejustify\">Czy potrzebna jest dodatkowa zach\u0119ta?<\/p>\t\t\t\t\t\t\t\t<\/div>\n\t\t\t\t<\/div>\n\t\t\t\t<div class=\"elementor-element elementor-element-d8a27f1 elementor-widget elementor-widget-image\" data-id=\"d8a27f1\" data-element_type=\"widget\" data-widget_type=\"image.default\">\n\t\t\t\t<div class=\"elementor-widget-container\">\n\t\t\t\t\t\t\t\t\t\t\t\t\t\t\t<img loading=\"lazy\" decoding=\"async\" width=\"952\" height=\"714\" src=\"http:\/\/sponsopot.org.pl\/wp-content\/uploads\/2022\/06\/Maciek.jpg\" class=\"attachment-large size-large wp-image-134\" alt=\"\" srcset=\"http:\/\/sponsopot.org.pl\/wp-content\/uploads\/2022\/06\/Maciek.jpg 960w, http:\/\/sponsopot.org.pl\/wp-content\/uploads\/2022\/06\/Maciek-300x225.jpg 300w, http:\/\/sponsopot.org.pl\/wp-content\/uploads\/2022\/06\/Maciek-768x576.jpg 768w\" sizes=\"(max-width: 952px) 100vw, 952px\" \/>\t\t\t\t\t\t\t\t\t\t\t\t\t\t\t<\/div>\n\t\t\t\t<\/div>\n\t\t\t\t<div class=\"elementor-element elementor-element-1d4b79b elementor-widget elementor-widget-text-editor\" data-id=\"1d4b79b\" data-element_type=\"widget\" data-widget_type=\"text-editor.default\">\n\t\t\t\t<div class=\"elementor-widget-container\">\n\t\t\t\t\t\t\t\t\t<p class=\"rtejustify\">Sponowskie dzieciaczki je\u017cd\u017c\u0105 na koniu pod czujnym okiem wykwalifikowanej terapeutki. Dzieci uwielbiaj\u0105 zaj\u0119cia, kt\u00f3re \u2013 warto podkre\u015bli\u0107 \u2013 odbywaj\u0105 si\u0119 na pi\u0119knym sopockim Hipodromie.<\/p><p>Zapraszamy!<\/p>\t\t\t\t\t\t\t\t<\/div>\n\t\t\t\t<\/div>\n\t\t\t\t\t<\/div>\n\t\t<\/div>\n\t\t\t\t\t<\/div>\n\t\t<\/section>\n\t\t\t\t<\/div>\n\t\t","protected":false},"excerpt":{"rendered":"<p>Rehabilitacja Rehabilitacj\u0119 medyczn\u0105 realizowan\u0105 na zasadzie kontraktu z NFZ. Pacjent\u00f3w obowi\u0105zuje skierowanie od lekarza POZ lub specjalisty. Zapisy w siedzibie Stowarzyszenia SPON. Rejestracja: Poniedzia\u0142ki, wtorki i czwartki w godzinach 12.00-18.00 \u015arody i pi\u0105tki w godzinach 9.00-14.00. Tel. 58 551 58 66 W Zak\u0142adzie Rehabilitacji SPON przyjmuj\u0105 lekarze rehabilitacji. Zlecone przez lekarza rehabilitacji zabiegi fizjoterapeutyczne wykonywane&hellip; <a href=\"http:\/\/sponsopot.org.pl\/index.php\/rehabilitacja\/\" class=\"more-link\">Czytaj dalej <span class=\"screen-reader-text\">Rehabilitacja<\/span><\/a><\/p>\n","protected":false},"author":1,"featured_media":0,"parent":0,"menu_order":0,"comment_status":"closed","ping_status":"closed","template":"","meta":{"footnotes":""},"class_list":["post-109","page","type-page","status-publish","hentry"],"_links":{"self":[{"href":"http:\/\/sponsopot.org.pl\/index.php\/wp-json\/wp\/v2\/pages\/109","targetHints":{"allow":["GET"]}}],"collection":[{"href":"http:\/\/sponsopot.org.pl\/index.php\/wp-json\/wp\/v2\/pages"}],"about":[{"href":"http:\/\/sponsopot.org.pl\/index.php\/wp-json\/wp\/v2\/types\/page"}],"author":[{"embeddable":true,"href":"http:\/\/sponsopot.org.pl\/index.php\/wp-json\/wp\/v2\/users\/1"}],"replies":[{"embeddable":true,"href":"http:\/\/sponsopot.org.pl\/index.php\/wp-json\/wp\/v2\/comments?post=109"}],"version-history":[{"count":22,"href":"http:\/\/sponsopot.org.pl\/index.php\/wp-json\/wp\/v2\/pages\/109\/revisions"}],"predecessor-version":[{"id":249,"href":"http:\/\/sponsopot.org.pl\/index.php\/wp-json\/wp\/v2\/pages\/109\/revisions\/249"}],"wp:attachment":[{"href":"http:\/\/sponsopot.org.pl\/index.php\/wp-json\/wp\/v2\/media?parent=109"}],"curies":[{"name":"wp","href":"https:\/\/api.w.org\/{rel}","templated":true}]}}